{"id":1222,"date":"2024-06-05T01:43:48","date_gmt":"2024-06-05T01:43:48","guid":{"rendered":"https:\/\/nalaramirez.com\/?page_id=1222"},"modified":"2024-07-19T13:33:19","modified_gmt":"2024-07-19T13:33:19","slug":"portada-revista-vogue","status":"publish","type":"page","link":"https:\/\/nalaramirez.com\/index.php\/portada-revista-vogue\/","title":{"rendered":"Portada revista Vogue"},"content":{"rendered":"\t\t<div data-elementor-type=\"wp-page\" data-elementor-id=\"1222\" class=\"elementor elementor-1222\">\n\t\t\t\t\t\t<section class=\"elementor-section elementor-top-section elementor-element elementor-element-a2608e1 elementor-section-boxed elementor-section-height-default elementor-section-height-default\" data-id=\"a2608e1\" data-element_type=\"section\">\n\t\t\t\t\t\t<div class=\"elementor-container elementor-column-gap-default\">\n\t\t\t\t\t<div class=\"elementor-column elementor-col-100 elementor-top-column elementor-element elementor-element-f6e3a9c\" data-id=\"f6e3a9c\" data-element_type=\"column\">\n\t\t\t<div class=\"elementor-widget-wrap elementor-element-populated\">\n\t\t\t\t\t\t<div class=\"elementor-element elementor-element-ea2fc37 elementor-widget elementor-widget-spacer\" data-id=\"ea2fc37\" data-element_type=\"widget\" data-widget_type=\"spacer.default\">\n\t\t\t\t<div class=\"elementor-widget-container\">\n\t\t\t\t\t\t\t<div class=\"elementor-spacer\">\n\t\t\t<div class=\"elementor-spacer-inner\"><\/div>\n\t\t<\/div>\n\t\t\t\t\t\t<\/div>\n\t\t\t\t<\/div>\n\t\t\t\t\t<\/div>\n\t\t<\/div>\n\t\t\t\t\t<\/div>\n\t\t<\/section>\n\t\t\t\t<section class=\"elementor-section elementor-top-section elementor-element elementor-element-7b01090 elementor-section-boxed elementor-section-height-default elementor-section-height-default\" data-id=\"7b01090\" data-element_type=\"section\">\n\t\t\t\t\t\t<div class=\"elementor-container elementor-column-gap-default\">\n\t\t\t\t\t<div class=\"elementor-column elementor-col-100 elementor-top-column elementor-element elementor-element-0cc7c98\" data-id=\"0cc7c98\" data-element_type=\"column\">\n\t\t\t<div class=\"elementor-widget-wrap elementor-element-populated\">\n\t\t\t\t\t\t<div class=\"elementor-element elementor-element-ab3d29b elementor-invisible elementor-widget elementor-widget-heading\" data-id=\"ab3d29b\" data-element_type=\"widget\" data-settings=\"{&quot;_animation&quot;:&quot;fadeInDown&quot;}\" data-widget_type=\"heading.default\">\n\t\t\t\t<div class=\"elementor-widget-container\">\n\t\t\t\t\t<h2 class=\"elementor-heading-title elementor-size-default\">Portada revista Vogue<\/h2>\t\t\t\t<\/div>\n\t\t\t\t<\/div>\n\t\t\t\t\t<\/div>\n\t\t<\/div>\n\t\t\t\t\t<\/div>\n\t\t<\/section>\n\t\t\t\t<section class=\"elementor-section elementor-top-section elementor-element elementor-element-eddbb91 elementor-section-boxed elementor-section-height-default elementor-section-height-default\" data-id=\"eddbb91\" data-element_type=\"section\">\n\t\t\t\t\t\t<div class=\"elementor-container elementor-column-gap-default\">\n\t\t\t\t\t<div class=\"elementor-column elementor-col-100 elementor-top-column elementor-element elementor-element-fa533a4\" data-id=\"fa533a4\" data-element_type=\"column\">\n\t\t\t<div class=\"elementor-widget-wrap elementor-element-populated\">\n\t\t\t\t\t\t<div class=\"elementor-element elementor-element-ff8de7d elementor-invisible elementor-widget elementor-widget-heading\" data-id=\"ff8de7d\" data-element_type=\"widget\" data-settings=\"{&quot;_animation&quot;:&quot;fadeInDown&quot;}\" data-widget_type=\"heading.default\">\n\t\t\t\t<div class=\"elementor-widget-container\">\n\t\t\t\t\t<div class=\"elementor-heading-title elementor-size-default\">InDesign \/ Photoshop<\/div>\t\t\t\t<\/div>\n\t\t\t\t<\/div>\n\t\t\t\t\t<\/div>\n\t\t<\/div>\n\t\t\t\t\t<\/div>\n\t\t<\/section>\n\t\t\t\t<section class=\"elementor-section elementor-top-section elementor-element elementor-element-6a07fd3 elementor-section-boxed elementor-section-height-default elementor-section-height-default\" data-id=\"6a07fd3\" data-element_type=\"section\">\n\t\t\t\t\t\t<div class=\"elementor-container elementor-column-gap-default\">\n\t\t\t\t\t<div class=\"elementor-column elementor-col-100 elementor-top-column elementor-element elementor-element-09e737c\" data-id=\"09e737c\" data-element_type=\"column\">\n\t\t\t<div class=\"elementor-widget-wrap elementor-element-populated\">\n\t\t\t\t\t\t<div class=\"elementor-element elementor-element-98dae5f elementor-widget elementor-widget-spacer\" data-id=\"98dae5f\" data-element_type=\"widget\" data-widget_type=\"spacer.default\">\n\t\t\t\t<div class=\"elementor-widget-container\">\n\t\t\t\t\t\t\t<div class=\"elementor-spacer\">\n\t\t\t<div class=\"elementor-spacer-inner\"><\/div>\n\t\t<\/div>\n\t\t\t\t\t\t<\/div>\n\t\t\t\t<\/div>\n\t\t\t\t\t<\/div>\n\t\t<\/div>\n\t\t\t\t\t<\/div>\n\t\t<\/section>\n\t\t\t\t<section class=\"elementor-section elementor-top-section elementor-element elementor-element-de570ca elementor-section-boxed elementor-section-height-default elementor-section-height-default\" data-id=\"de570ca\" data-element_type=\"section\">\n\t\t\t\t\t\t<div class=\"elementor-container elementor-column-gap-default\">\n\t\t\t\t\t<div class=\"elementor-column elementor-col-100 elementor-top-column elementor-element elementor-element-01a3f4a\" data-id=\"01a3f4a\" data-element_type=\"column\">\n\t\t\t<div class=\"elementor-widget-wrap elementor-element-populated\">\n\t\t\t\t\t\t<div class=\"elementor-element elementor-element-a825c8e elementor-widget elementor-widget-text-editor\" data-id=\"a825c8e\" data-element_type=\"widget\" data-widget_type=\"text-editor.default\">\n\t\t\t\t<div class=\"elementor-widget-container\">\n\t\t\t\t\t\t\t\t\t<p><span style=\"white-space-collapse: preserve;\">Este proyecto consiste en una propuesta de portada para la revista Vogue.<\/span><\/p><p><span style=\"white-space-collapse: preserve;\">Para conseguir la portada se han usado dos recortes f\u00edsicos de im\u00e1genes yuxtapuestas, que se han digitalizado, para tener como resultado una sola imagen. La propuesta estar\u00eda enfocada en un n\u00famero especial sobre la evoluci\u00f3n de la moda. <\/span><\/p>\t\t\t\t\t\t\t\t<\/div>\n\t\t\t\t<\/div>\n\t\t\t\t<div class=\"elementor-element elementor-element-c435e0c elementor-widget elementor-widget-spacer\" data-id=\"c435e0c\" data-element_type=\"widget\" data-widget_type=\"spacer.default\">\n\t\t\t\t<div class=\"elementor-widget-container\">\n\t\t\t\t\t\t\t<div class=\"elementor-spacer\">\n\t\t\t<div class=\"elementor-spacer-inner\"><\/div>\n\t\t<\/div>\n\t\t\t\t\t\t<\/div>\n\t\t\t\t<\/div>\n\t\t\t\t\t<\/div>\n\t\t<\/div>\n\t\t\t\t\t<\/div>\n\t\t<\/section>\n\t\t\t\t<section class=\"elementor-section elementor-top-section elementor-element elementor-element-7d9e0d5 animated-slow elementor-section-boxed elementor-section-height-default elementor-section-height-default elementor-invisible\" data-id=\"7d9e0d5\" data-element_type=\"section\" data-settings=\"{&quot;animation&quot;:&quot;fadeInUp&quot;}\">\n\t\t\t\t\t\t<div class=\"elementor-container elementor-column-gap-default\">\n\t\t\t\t\t<div class=\"elementor-column elementor-col-33 elementor-top-column elementor-element elementor-element-4cc4941\" data-id=\"4cc4941\" data-element_type=\"column\">\n\t\t\t<div class=\"elementor-widget-wrap elementor-element-populated\">\n\t\t\t\t\t\t<div class=\"elementor-element elementor-element-a4f3f32 elementor-widget elementor-widget-image\" data-id=\"a4f3f32\" data-element_type=\"widget\" data-widget_type=\"image.default\">\n\t\t\t\t<div class=\"elementor-widget-container\">\n\t\t\t\t\t\t\t\t\t\t\t\t\t\t\t\t<a href=\"https:\/\/nalaramirez.com\/wp-content\/uploads\/2024\/05\/Sin-titulo-1-scaled.jpg\" data-elementor-open-lightbox=\"yes\" data-elementor-lightbox-title=\"Portada Vogue\" data-e-action-hash=\"#elementor-action%3Aaction%3Dlightbox%26settings%3DeyJpZCI6MTczLCJ1cmwiOiJodHRwczpcL1wvbmFsYXJhbWlyZXouY29tXC93cC1jb250ZW50XC91cGxvYWRzXC8yMDI0XC8wNVwvU2luLXRpdHVsby0xLXNjYWxlZC5qcGcifQ%3D%3D\">\n\t\t\t\t\t\t\t<img fetchpriority=\"high\" decoding=\"async\" width=\"1810\" height=\"2560\" src=\"https:\/\/nalaramirez.com\/wp-content\/uploads\/2024\/05\/Sin-titulo-1-scaled.jpg\" class=\"attachment-full size-full wp-image-173\" alt=\"\" srcset=\"https:\/\/nalaramirez.com\/wp-content\/uploads\/2024\/05\/Sin-titulo-1-scaled.jpg 1810w, https:\/\/nalaramirez.com\/wp-content\/uploads\/2024\/05\/Sin-titulo-1-212x300.jpg 212w, https:\/\/nalaramirez.com\/wp-content\/uploads\/2024\/05\/Sin-titulo-1-724x1024.jpg 724w, https:\/\/nalaramirez.com\/wp-content\/uploads\/2024\/05\/Sin-titulo-1-768x1086.jpg 768w, https:\/\/nalaramirez.com\/wp-content\/uploads\/2024\/05\/Sin-titulo-1-1086x1536.jpg 1086w, https:\/\/nalaramirez.com\/wp-content\/uploads\/2024\/05\/Sin-titulo-1-1448x2048.jpg 1448w, https:\/\/nalaramirez.com\/wp-content\/uploads\/2024\/05\/Sin-titulo-1-1000x1415.jpg 1000w, https:\/\/nalaramirez.com\/wp-content\/uploads\/2024\/05\/Sin-titulo-1-230x325.jpg 230w, https:\/\/nalaramirez.com\/wp-content\/uploads\/2024\/05\/Sin-titulo-1-350x495.jpg 350w, https:\/\/nalaramirez.com\/wp-content\/uploads\/2024\/05\/Sin-titulo-1-480x679.jpg 480w\" sizes=\"(max-width: 1810px) 100vw, 1810px\" \/>\t\t\t\t\t\t\t\t<\/a>\n\t\t\t\t\t\t\t\t\t\t\t\t\t\t\t<\/div>\n\t\t\t\t<\/div>\n\t\t\t\t\t<\/div>\n\t\t<\/div>\n\t\t\t\t<div class=\"elementor-column elementor-col-33 elementor-top-column elementor-element elementor-element-3c3d5c9\" data-id=\"3c3d5c9\" data-element_type=\"column\">\n\t\t\t<div class=\"elementor-widget-wrap elementor-element-populated\">\n\t\t\t\t\t\t<div class=\"elementor-element elementor-element-00dd41d elementor-widget elementor-widget-image\" data-id=\"00dd41d\" data-element_type=\"widget\" data-widget_type=\"image.default\">\n\t\t\t\t<div class=\"elementor-widget-container\">\n\t\t\t\t\t\t\t\t\t\t\t\t\t\t\t\t<a href=\"https:\/\/nalaramirez.com\/wp-content\/uploads\/2024\/05\/01-scaled-e1717465261558.jpg\" data-elementor-open-lightbox=\"yes\" data-elementor-lightbox-title=\"Portada Vogue\" data-e-action-hash=\"#elementor-action%3Aaction%3Dlightbox%26settings%3DeyJpZCI6MTcyLCJ1cmwiOiJodHRwczpcL1wvbmFsYXJhbWlyZXouY29tXC93cC1jb250ZW50XC91cGxvYWRzXC8yMDI0XC8wNVwvMDEtc2NhbGVkLWUxNzE3NDY1MjYxNTU4LmpwZyJ9\">\n\t\t\t\t\t\t\t<img decoding=\"async\" width=\"1757\" height=\"1531\" src=\"https:\/\/nalaramirez.com\/wp-content\/uploads\/2024\/05\/01-scaled-e1717465261558.jpg\" class=\"attachment-full size-full wp-image-172\" alt=\"\" srcset=\"https:\/\/nalaramirez.com\/wp-content\/uploads\/2024\/05\/01-scaled-e1717465261558.jpg 1757w, https:\/\/nalaramirez.com\/wp-content\/uploads\/2024\/05\/01-scaled-e1717465261558-300x261.jpg 300w, https:\/\/nalaramirez.com\/wp-content\/uploads\/2024\/05\/01-scaled-e1717465261558-1024x892.jpg 1024w, https:\/\/nalaramirez.com\/wp-content\/uploads\/2024\/05\/01-scaled-e1717465261558-768x669.jpg 768w, https:\/\/nalaramirez.com\/wp-content\/uploads\/2024\/05\/01-scaled-e1717465261558-1536x1338.jpg 1536w, https:\/\/nalaramirez.com\/wp-content\/uploads\/2024\/05\/01-scaled-e1717465261558-1000x871.jpg 1000w, https:\/\/nalaramirez.com\/wp-content\/uploads\/2024\/05\/01-scaled-e1717465261558-230x200.jpg 230w, https:\/\/nalaramirez.com\/wp-content\/uploads\/2024\/05\/01-scaled-e1717465261558-350x305.jpg 350w, https:\/\/nalaramirez.com\/wp-content\/uploads\/2024\/05\/01-scaled-e1717465261558-480x418.jpg 480w\" sizes=\"(max-width: 1757px) 100vw, 1757px\" \/>\t\t\t\t\t\t\t\t<\/a>\n\t\t\t\t\t\t\t\t\t\t\t\t\t\t\t<\/div>\n\t\t\t\t<\/div>\n\t\t\t\t\t<\/div>\n\t\t<\/div>\n\t\t\t\t<div class=\"elementor-column elementor-col-33 elementor-top-column elementor-element elementor-element-0bcbf00\" data-id=\"0bcbf00\" data-element_type=\"column\">\n\t\t\t<div class=\"elementor-widget-wrap elementor-element-populated\">\n\t\t\t\t\t\t<div class=\"elementor-element elementor-element-0ee4f08 elementor-widget elementor-widget-image\" data-id=\"0ee4f08\" data-element_type=\"widget\" data-widget_type=\"image.default\">\n\t\t\t\t<div class=\"elementor-widget-container\">\n\t\t\t\t\t\t\t\t\t\t\t\t\t\t\t\t<a href=\"https:\/\/nalaramirez.com\/wp-content\/uploads\/2024\/06\/00-1-scaled-e1717553231545.jpg\" data-elementor-open-lightbox=\"yes\" data-elementor-lightbox-title=\"Portada Vogue\" data-e-action-hash=\"#elementor-action%3Aaction%3Dlightbox%26settings%3DeyJpZCI6MTI2OCwidXJsIjoiaHR0cHM6XC9cL25hbGFyYW1pcmV6LmNvbVwvd3AtY29udGVudFwvdXBsb2Fkc1wvMjAyNFwvMDZcLzAwLTEtc2NhbGVkLWUxNzE3NTUzMjMxNTQ1LmpwZyJ9\">\n\t\t\t\t\t\t\t<img decoding=\"async\" width=\"2056\" height=\"1621\" src=\"https:\/\/nalaramirez.com\/wp-content\/uploads\/2024\/06\/00-1-scaled-e1717553231545.jpg\" class=\"attachment-full size-full wp-image-1268\" alt=\"\" srcset=\"https:\/\/nalaramirez.com\/wp-content\/uploads\/2024\/06\/00-1-scaled-e1717553231545.jpg 2056w, https:\/\/nalaramirez.com\/wp-content\/uploads\/2024\/06\/00-1-scaled-e1717553231545-300x237.jpg 300w, https:\/\/nalaramirez.com\/wp-content\/uploads\/2024\/06\/00-1-scaled-e1717553231545-1024x807.jpg 1024w, https:\/\/nalaramirez.com\/wp-content\/uploads\/2024\/06\/00-1-scaled-e1717553231545-768x606.jpg 768w, https:\/\/nalaramirez.com\/wp-content\/uploads\/2024\/06\/00-1-scaled-e1717553231545-1536x1211.jpg 1536w, https:\/\/nalaramirez.com\/wp-content\/uploads\/2024\/06\/00-1-scaled-e1717553231545-2048x1615.jpg 2048w, https:\/\/nalaramirez.com\/wp-content\/uploads\/2024\/06\/00-1-scaled-e1717553231545-1000x788.jpg 1000w, https:\/\/nalaramirez.com\/wp-content\/uploads\/2024\/06\/00-1-scaled-e1717553231545-230x181.jpg 230w, https:\/\/nalaramirez.com\/wp-content\/uploads\/2024\/06\/00-1-scaled-e1717553231545-350x276.jpg 350w, https:\/\/nalaramirez.com\/wp-content\/uploads\/2024\/06\/00-1-scaled-e1717553231545-480x378.jpg 480w\" sizes=\"(max-width: 2056px) 100vw, 2056px\" \/>\t\t\t\t\t\t\t\t<\/a>\n\t\t\t\t\t\t\t\t\t\t\t\t\t\t\t<\/div>\n\t\t\t\t<\/div>\n\t\t\t\t\t<\/div>\n\t\t<\/div>\n\t\t\t\t\t<\/div>\n\t\t<\/section>\n\t\t\t\t<section class=\"elementor-section elementor-top-section elementor-element elementor-element-439dfed elementor-section-boxed elementor-section-height-default elementor-section-height-default\" data-id=\"439dfed\" data-element_type=\"section\">\n\t\t\t\t\t\t<div class=\"elementor-container elementor-column-gap-default\">\n\t\t\t\t\t<div class=\"elementor-column elementor-col-100 elementor-top-column elementor-element elementor-element-38ebdf2\" data-id=\"38ebdf2\" data-element_type=\"column\">\n\t\t\t<div class=\"elementor-widget-wrap elementor-element-populated\">\n\t\t\t\t\t\t<div class=\"elementor-element elementor-element-85bff7f elementor-widget elementor-widget-spacer\" data-id=\"85bff7f\" data-element_type=\"widget\" data-widget_type=\"spacer.default\">\n\t\t\t\t<div class=\"elementor-widget-container\">\n\t\t\t\t\t\t\t<div class=\"elementor-spacer\">\n\t\t\t<div class=\"elementor-spacer-inner\"><\/div>\n\t\t<\/div>\n\t\t\t\t\t\t<\/div>\n\t\t\t\t<\/div>\n\t\t\t\t\t<\/div>\n\t\t<\/div>\n\t\t\t\t\t<\/div>\n\t\t<\/section>\n\t\t\t\t<section class=\"elementor-section elementor-top-section elementor-element elementor-element-f5d7355 elementor-section-boxed elementor-section-height-default elementor-section-height-default\" data-id=\"f5d7355\" data-element_type=\"section\" data-settings=\"{&quot;background_background&quot;:&quot;classic&quot;}\">\n\t\t\t\t\t\t<div class=\"elementor-container elementor-column-gap-default\">\n\t\t\t\t\t<div class=\"elementor-column elementor-col-100 elementor-top-column elementor-element elementor-element-aa0639e\" data-id=\"aa0639e\" data-element_type=\"column\">\n\t\t\t<div class=\"elementor-widget-wrap elementor-element-populated\">\n\t\t\t\t\t\t<div class=\"elementor-element elementor-element-9274219 elementor-align-center elementor-invisible elementor-widget elementor-widget-button\" data-id=\"9274219\" data-element_type=\"widget\" data-settings=\"{&quot;_animation&quot;:&quot;fadeInDown&quot;}\" data-widget_type=\"button.default\">\n\t\t\t\t<div class=\"elementor-widget-container\">\n\t\t\t\t\t\t\t\t\t<div class=\"elementor-button-wrapper\">\n\t\t\t\t\t<a class=\"elementor-button elementor-button-link elementor-size-sm\" href=\"https:\/\/nalaramirez.com\/?page_id=265\">\n\t\t\t\t\t\t<span class=\"elementor-button-content-wrapper\">\n\t\t\t\t\t\t\t\t\t<span class=\"elementor-button-text\">Ver m\u00e1s proyectos<\/span>\n\t\t\t\t\t<\/span>\n\t\t\t\t\t<\/a>\n\t\t\t\t<\/div>\n\t\t\t\t\t\t\t\t<\/div>\n\t\t\t\t<\/div>\n\t\t\t\t\t<\/div>\n\t\t<\/div>\n\t\t\t\t\t<\/div>\n\t\t<\/section>\n\t\t\t\t<section class=\"elementor-section elementor-top-section elementor-element elementor-element-0049a92 elementor-section-boxed elementor-section-height-default elementor-section-height-default\" data-id=\"0049a92\" data-element_type=\"section\">\n\t\t\t\t\t\t<div class=\"elementor-container elementor-column-gap-default\">\n\t\t\t\t\t<div class=\"elementor-column elementor-col-100 elementor-top-column elementor-element elementor-element-1cbc0f0\" data-id=\"1cbc0f0\" data-element_type=\"column\">\n\t\t\t<div class=\"elementor-widget-wrap elementor-element-populated\">\n\t\t\t\t\t\t<div class=\"elementor-element elementor-element-28d39e6 elementor-widget elementor-widget-spacer\" data-id=\"28d39e6\" data-element_type=\"widget\" data-widget_type=\"spacer.default\">\n\t\t\t\t<div class=\"elementor-widget-container\">\n\t\t\t\t\t\t\t<div class=\"elementor-spacer\">\n\t\t\t<div class=\"elementor-spacer-inner\"><\/div>\n\t\t<\/div>\n\t\t\t\t\t\t<\/div>\n\t\t\t\t<\/div>\n\t\t\t\t\t<\/div>\n\t\t<\/div>\n\t\t\t\t\t<\/div>\n\t\t<\/section>\n\t\t\t\t<\/div>\n\t\t","protected":false},"excerpt":{"rendered":"<p>Portada revista Vogue InDesign \/ Photoshop Este proyecto consiste en una propuesta de portada para la revista Vogue. Para conseguir la portada [&hellip;]<\/p>\n","protected":false},"author":1,"featured_media":0,"parent":0,"menu_order":0,"comment_status":"closed","ping_status":"closed","template":"page-templates\/page_front-page.php","meta":{"footnotes":""},"class_list":["post-1222","page","type-page","status-publish","hentry"],"yoast_head":"<!-- This site is optimized with the Yoast SEO plugin v24.2 - https:\/\/yoast.com\/wordpress\/plugins\/seo\/ -->\n<title>Portada revista Vogue - Nala Ram\u00edrez<\/title>\n<meta name=\"robots\" content=\"index, follow, max-snippet:-1, max-image-preview:large, max-video-preview:-1\" \/>\n<link rel=\"canonical\" href=\"https:\/\/nalaramirez.com\/index.php\/portada-revista-vogue\/\" \/>\n<meta property=\"og:locale\" content=\"es_ES\" \/>\n<meta property=\"og:type\" content=\"article\" \/>\n<meta property=\"og:title\" content=\"Portada revista Vogue - Nala Ram\u00edrez\" \/>\n<meta property=\"og:description\" content=\"Portada revista Vogue InDesign \/ Photoshop Este proyecto consiste en una propuesta de portada para la revista Vogue. Para conseguir la portada [&hellip;]\" \/>\n<meta property=\"og:url\" content=\"https:\/\/nalaramirez.com\/index.php\/portada-revista-vogue\/\" \/>\n<meta property=\"og:site_name\" content=\"Nala Ram\u00edrez\" \/>\n<meta property=\"article:modified_time\" content=\"2024-07-19T13:33:19+00:00\" \/>\n<meta property=\"og:image\" content=\"https:\/\/nalaramirez.com\/wp-content\/uploads\/2024\/05\/Sin-titulo-1-scaled.jpg\" \/>\n<meta name=\"twitter:card\" content=\"summary_large_image\" \/>\n<meta name=\"twitter:label1\" content=\"Tiempo de lectura\" \/>\n\t<meta name=\"twitter:data1\" content=\"1 minuto\" \/>\n<script type=\"application\/ld+json\" class=\"yoast-schema-graph\">{\"@context\":\"https:\/\/schema.org\",\"@graph\":[{\"@type\":\"WebPage\",\"@id\":\"https:\/\/nalaramirez.com\/index.php\/portada-revista-vogue\/\",\"url\":\"https:\/\/nalaramirez.com\/index.php\/portada-revista-vogue\/\",\"name\":\"Portada revista Vogue - Nala Ram\u00edrez\",\"isPartOf\":{\"@id\":\"https:\/\/nalaramirez.com\/#website\"},\"primaryImageOfPage\":{\"@id\":\"https:\/\/nalaramirez.com\/index.php\/portada-revista-vogue\/#primaryimage\"},\"image\":{\"@id\":\"https:\/\/nalaramirez.com\/index.php\/portada-revista-vogue\/#primaryimage\"},\"thumbnailUrl\":\"https:\/\/nalaramirez.com\/wp-content\/uploads\/2024\/05\/Sin-titulo-1-scaled.jpg\",\"datePublished\":\"2024-06-05T01:43:48+00:00\",\"dateModified\":\"2024-07-19T13:33:19+00:00\",\"breadcrumb\":{\"@id\":\"https:\/\/nalaramirez.com\/index.php\/portada-revista-vogue\/#breadcrumb\"},\"inLanguage\":\"es\",\"potentialAction\":[{\"@type\":\"ReadAction\",\"target\":[\"https:\/\/nalaramirez.com\/index.php\/portada-revista-vogue\/\"]}]},{\"@type\":\"ImageObject\",\"inLanguage\":\"es\",\"@id\":\"https:\/\/nalaramirez.com\/index.php\/portada-revista-vogue\/#primaryimage\",\"url\":\"https:\/\/nalaramirez.com\/wp-content\/uploads\/2024\/05\/Sin-titulo-1-scaled.jpg\",\"contentUrl\":\"https:\/\/nalaramirez.com\/wp-content\/uploads\/2024\/05\/Sin-titulo-1-scaled.jpg\"},{\"@type\":\"BreadcrumbList\",\"@id\":\"https:\/\/nalaramirez.com\/index.php\/portada-revista-vogue\/#breadcrumb\",\"itemListElement\":[{\"@type\":\"ListItem\",\"position\":1,\"name\":\"Portada\",\"item\":\"https:\/\/nalaramirez.com\/\"},{\"@type\":\"ListItem\",\"position\":2,\"name\":\"Portada revista Vogue\"}]},{\"@type\":\"WebSite\",\"@id\":\"https:\/\/nalaramirez.com\/#website\",\"url\":\"https:\/\/nalaramirez.com\/\",\"name\":\"Nala Ram\u00edrez\",\"description\":\"\",\"publisher\":{\"@id\":\"https:\/\/nalaramirez.com\/#organization\"},\"potentialAction\":[{\"@type\":\"SearchAction\",\"target\":{\"@type\":\"EntryPoint\",\"urlTemplate\":\"https:\/\/nalaramirez.com\/?s={search_term_string}\"},\"query-input\":{\"@type\":\"PropertyValueSpecification\",\"valueRequired\":true,\"valueName\":\"search_term_string\"}}],\"inLanguage\":\"es\"},{\"@type\":\"Organization\",\"@id\":\"https:\/\/nalaramirez.com\/#organization\",\"name\":\"Nala Ram\u00edrez\",\"url\":\"https:\/\/nalaramirez.com\/\",\"logo\":{\"@type\":\"ImageObject\",\"inLanguage\":\"es\",\"@id\":\"https:\/\/nalaramirez.com\/#\/schema\/logo\/image\/\",\"url\":\"https:\/\/nalaramirez.com\/wp-content\/uploads\/2025\/06\/Logo-final.png\",\"contentUrl\":\"https:\/\/nalaramirez.com\/wp-content\/uploads\/2025\/06\/Logo-final.png\",\"width\":4501,\"height\":4500,\"caption\":\"Nala Ram\u00edrez\"},\"image\":{\"@id\":\"https:\/\/nalaramirez.com\/#\/schema\/logo\/image\/\"}}]}<\/script>\n<!-- \/ Yoast SEO plugin. -->","yoast_head_json":{"title":"Portada revista Vogue - Nala Ram\u00edrez","robots":{"index":"index","follow":"follow","max-snippet":"max-snippet:-1","max-image-preview":"max-image-preview:large","max-video-preview":"max-video-preview:-1"},"canonical":"https:\/\/nalaramirez.com\/index.php\/portada-revista-vogue\/","og_locale":"es_ES","og_type":"article","og_title":"Portada revista Vogue - Nala Ram\u00edrez","og_description":"Portada revista Vogue InDesign \/ Photoshop Este proyecto consiste en una propuesta de portada para la revista Vogue. Para conseguir la portada [&hellip;]","og_url":"https:\/\/nalaramirez.com\/index.php\/portada-revista-vogue\/","og_site_name":"Nala Ram\u00edrez","article_modified_time":"2024-07-19T13:33:19+00:00","og_image":[{"url":"https:\/\/nalaramirez.com\/wp-content\/uploads\/2024\/05\/Sin-titulo-1-scaled.jpg","type":"","width":"","height":""}],"twitter_card":"summary_large_image","twitter_misc":{"Tiempo de lectura":"1 minuto"},"schema":{"@context":"https:\/\/schema.org","@graph":[{"@type":"WebPage","@id":"https:\/\/nalaramirez.com\/index.php\/portada-revista-vogue\/","url":"https:\/\/nalaramirez.com\/index.php\/portada-revista-vogue\/","name":"Portada revista Vogue - Nala Ram\u00edrez","isPartOf":{"@id":"https:\/\/nalaramirez.com\/#website"},"primaryImageOfPage":{"@id":"https:\/\/nalaramirez.com\/index.php\/portada-revista-vogue\/#primaryimage"},"image":{"@id":"https:\/\/nalaramirez.com\/index.php\/portada-revista-vogue\/#primaryimage"},"thumbnailUrl":"https:\/\/nalaramirez.com\/wp-content\/uploads\/2024\/05\/Sin-titulo-1-scaled.jpg","datePublished":"2024-06-05T01:43:48+00:00","dateModified":"2024-07-19T13:33:19+00:00","breadcrumb":{"@id":"https:\/\/nalaramirez.com\/index.php\/portada-revista-vogue\/#breadcrumb"},"inLanguage":"es","potentialAction":[{"@type":"ReadAction","target":["https:\/\/nalaramirez.com\/index.php\/portada-revista-vogue\/"]}]},{"@type":"ImageObject","inLanguage":"es","@id":"https:\/\/nalaramirez.com\/index.php\/portada-revista-vogue\/#primaryimage","url":"https:\/\/nalaramirez.com\/wp-content\/uploads\/2024\/05\/Sin-titulo-1-scaled.jpg","contentUrl":"https:\/\/nalaramirez.com\/wp-content\/uploads\/2024\/05\/Sin-titulo-1-scaled.jpg"},{"@type":"BreadcrumbList","@id":"https:\/\/nalaramirez.com\/index.php\/portada-revista-vogue\/#breadcrumb","itemListElement":[{"@type":"ListItem","position":1,"name":"Portada","item":"https:\/\/nalaramirez.com\/"},{"@type":"ListItem","position":2,"name":"Portada revista Vogue"}]},{"@type":"WebSite","@id":"https:\/\/nalaramirez.com\/#website","url":"https:\/\/nalaramirez.com\/","name":"Nala Ram\u00edrez","description":"","publisher":{"@id":"https:\/\/nalaramirez.com\/#organization"},"potentialAction":[{"@type":"SearchAction","target":{"@type":"EntryPoint","urlTemplate":"https:\/\/nalaramirez.com\/?s={search_term_string}"},"query-input":{"@type":"PropertyValueSpecification","valueRequired":true,"valueName":"search_term_string"}}],"inLanguage":"es"},{"@type":"Organization","@id":"https:\/\/nalaramirez.com\/#organization","name":"Nala Ram\u00edrez","url":"https:\/\/nalaramirez.com\/","logo":{"@type":"ImageObject","inLanguage":"es","@id":"https:\/\/nalaramirez.com\/#\/schema\/logo\/image\/","url":"https:\/\/nalaramirez.com\/wp-content\/uploads\/2025\/06\/Logo-final.png","contentUrl":"https:\/\/nalaramirez.com\/wp-content\/uploads\/2025\/06\/Logo-final.png","width":4501,"height":4500,"caption":"Nala Ram\u00edrez"},"image":{"@id":"https:\/\/nalaramirez.com\/#\/schema\/logo\/image\/"}}]}},"_links":{"self":[{"href":"https:\/\/nalaramirez.com\/index.php\/wp-json\/wp\/v2\/pages\/1222","targetHints":{"allow":["GET"]}}],"collection":[{"href":"https:\/\/nalaramirez.com\/index.php\/wp-json\/wp\/v2\/pages"}],"about":[{"href":"https:\/\/nalaramirez.com\/index.php\/wp-json\/wp\/v2\/types\/page"}],"author":[{"embeddable":true,"href":"https:\/\/nalaramirez.com\/index.php\/wp-json\/wp\/v2\/users\/1"}],"replies":[{"embeddable":true,"href":"https:\/\/nalaramirez.com\/index.php\/wp-json\/wp\/v2\/comments?post=1222"}],"version-history":[{"count":19,"href":"https:\/\/nalaramirez.com\/index.php\/wp-json\/wp\/v2\/pages\/1222\/revisions"}],"predecessor-version":[{"id":1789,"href":"https:\/\/nalaramirez.com\/index.php\/wp-json\/wp\/v2\/pages\/1222\/revisions\/1789"}],"wp:attachment":[{"href":"https:\/\/nalaramirez.com\/index.php\/wp-json\/wp\/v2\/media?parent=1222"}],"curies":[{"name":"wp","href":"https:\/\/api.w.org\/{rel}","templated":true}]}}