{"id":124,"date":"2024-05-14T11:59:06","date_gmt":"2024-05-14T11:59:06","guid":{"rendered":"https:\/\/nalaramirez.com\/?page_id=124"},"modified":"2025-06-09T10:28:25","modified_gmt":"2025-06-09T10:28:25","slug":"inicio","status":"publish","type":"page","link":"https:\/\/nalaramirez.com\/","title":{"rendered":"Inicio"},"content":{"rendered":"\t\t<div data-elementor-type=\"wp-page\" data-elementor-id=\"124\" class=\"elementor elementor-124\">\n\t\t\t\t\t\t<section class=\"elementor-section elementor-top-section elementor-element elementor-element-fcac862 elementor-section-boxed elementor-section-height-default elementor-section-height-default\" data-id=\"fcac862\" data-element_type=\"section\">\n\t\t\t\t\t\t<div class=\"elementor-container elementor-column-gap-default\">\n\t\t\t\t\t<div class=\"elementor-column elementor-col-50 elementor-top-column elementor-element elementor-element-400a0fa\" data-id=\"400a0fa\" data-element_type=\"column\">\n\t\t\t<div class=\"elementor-widget-wrap elementor-element-populated\">\n\t\t\t\t\t\t<div class=\"elementor-element elementor-element-fcee93b elementor-widget elementor-widget-heading\" data-id=\"fcee93b\" data-element_type=\"widget\" data-widget_type=\"heading.default\">\n\t\t\t\t<div class=\"elementor-widget-container\">\n\t\t\t\t\t<h1 class=\"elementor-heading-title elementor-size-default\">\u00a1Hola!<\/h1>\t\t\t\t<\/div>\n\t\t\t\t<\/div>\n\t\t\t\t<div class=\"elementor-element elementor-element-3555b04 elementor-widget elementor-widget-text-editor\" data-id=\"3555b04\" data-element_type=\"widget\" data-widget_type=\"text-editor.default\">\n\t\t\t\t<div class=\"elementor-widget-container\">\n\t\t\t\t\t\t\t\t\t<p>Soy Nala Ram\u00edrez y estoy estudiando mi \u00faltimo a\u00f1o de dise\u00f1o gr\u00e1fico. Aqu\u00ed podr\u00e1s encontrar algunos trabajos que he realizado durante estos a\u00f1os.<\/p><p>Si est\u00e1s interesado\/a en trabajar conmigo no dudes en contactarme.<\/p>\t\t\t\t\t\t\t\t<\/div>\n\t\t\t\t<\/div>\n\t\t\t\t\t<\/div>\n\t\t<\/div>\n\t\t\t\t<div class=\"elementor-column elementor-col-50 elementor-top-column elementor-element elementor-element-69f6c88\" data-id=\"69f6c88\" data-element_type=\"column\">\n\t\t\t<div class=\"elementor-widget-wrap elementor-element-populated\">\n\t\t\t\t\t\t<div class=\"elementor-element elementor-element-7a79362 elementor-widget elementor-widget-image\" data-id=\"7a79362\" data-element_type=\"widget\" data-widget_type=\"image.default\">\n\t\t\t\t<div class=\"elementor-widget-container\">\n\t\t\t\t\t\t\t\t\t\t\t\t\t\t\t<img fetchpriority=\"high\" decoding=\"async\" width=\"2560\" height=\"2560\" src=\"https:\/\/nalaramirez.com\/wp-content\/uploads\/2024\/06\/Retrato-scaled.jpg\" class=\"attachment-full size-full wp-image-1540\" alt=\"\" srcset=\"https:\/\/nalaramirez.com\/wp-content\/uploads\/2024\/06\/Retrato-scaled.jpg 2560w, https:\/\/nalaramirez.com\/wp-content\/uploads\/2024\/06\/Retrato-300x300.jpg 300w, https:\/\/nalaramirez.com\/wp-content\/uploads\/2024\/06\/Retrato-1024x1024.jpg 1024w, https:\/\/nalaramirez.com\/wp-content\/uploads\/2024\/06\/Retrato-150x150.jpg 150w, https:\/\/nalaramirez.com\/wp-content\/uploads\/2024\/06\/Retrato-768x768.jpg 768w, https:\/\/nalaramirez.com\/wp-content\/uploads\/2024\/06\/Retrato-1536x1536.jpg 1536w, https:\/\/nalaramirez.com\/wp-content\/uploads\/2024\/06\/Retrato-2048x2048.jpg 2048w, https:\/\/nalaramirez.com\/wp-content\/uploads\/2024\/06\/Retrato-1000x1000.jpg 1000w, https:\/\/nalaramirez.com\/wp-content\/uploads\/2024\/06\/Retrato-230x230.jpg 230w, https:\/\/nalaramirez.com\/wp-content\/uploads\/2024\/06\/Retrato-350x350.jpg 350w, https:\/\/nalaramirez.com\/wp-content\/uploads\/2024\/06\/Retrato-480x480.jpg 480w\" sizes=\"(max-width: 2560px) 100vw, 2560px\" \/>\t\t\t\t\t\t\t\t\t\t\t\t\t\t\t<\/div>\n\t\t\t\t<\/div>\n\t\t\t\t\t<\/div>\n\t\t<\/div>\n\t\t\t\t\t<\/div>\n\t\t<\/section>\n\t\t\t\t<section class=\"elementor-section elementor-top-section elementor-element elementor-element-c213194 elementor-section-boxed elementor-section-height-default elementor-section-height-default\" data-id=\"c213194\" data-element_type=\"section\">\n\t\t\t\t\t\t<div class=\"elementor-container elementor-column-gap-default\">\n\t\t\t\t\t<div class=\"elementor-column elementor-col-100 elementor-top-column elementor-element elementor-element-a0841ea\" data-id=\"a0841ea\" data-element_type=\"column\">\n\t\t\t<div class=\"elementor-widget-wrap elementor-element-populated\">\n\t\t\t\t\t\t<div class=\"elementor-element elementor-element-c279834 elementor-widget elementor-widget-spacer\" data-id=\"c279834\" data-element_type=\"widget\" data-widget_type=\"spacer.default\">\n\t\t\t\t<div class=\"elementor-widget-container\">\n\t\t\t\t\t\t\t<div class=\"elementor-spacer\">\n\t\t\t<div class=\"elementor-spacer-inner\"><\/div>\n\t\t<\/div>\n\t\t\t\t\t\t<\/div>\n\t\t\t\t<\/div>\n\t\t\t\t\t<\/div>\n\t\t<\/div>\n\t\t\t\t\t<\/div>\n\t\t<\/section>\n\t\t\t\t<section class=\"elementor-section elementor-top-section elementor-element elementor-element-3985815 elementor-section-boxed elementor-section-height-default elementor-section-height-default\" data-id=\"3985815\" data-element_type=\"section\">\n\t\t\t\t\t\t<div class=\"elementor-container elementor-column-gap-default\">\n\t\t\t\t\t<div class=\"elementor-column elementor-col-50 elementor-top-column elementor-element elementor-element-fa30ffc\" data-id=\"fa30ffc\" data-element_type=\"column\">\n\t\t\t<div class=\"elementor-widget-wrap elementor-element-populated\">\n\t\t\t\t\t\t<div class=\"elementor-element elementor-element-9dc619f elementor-bg-transform elementor-bg-transform-zoom-out elementor-cta--valign-middle elementor-cta--skin-classic elementor-animated-content elementor-widget elementor-widget-call-to-action\" data-id=\"9dc619f\" data-element_type=\"widget\" data-widget_type=\"call-to-action.default\">\n\t\t\t\t<div class=\"elementor-widget-container\">\n\t\t\t\t\t\t\t<a class=\"elementor-cta\" href=\"https:\/\/nalaramirez.com\/index.php\/poster-wandavision\/\">\n\t\t\t\t\t<div class=\"elementor-cta__bg-wrapper\">\n\t\t\t\t<div class=\"elementor-cta__bg elementor-bg\" style=\"background-image: url(https:\/\/nalaramirez.com\/wp-content\/uploads\/2024\/06\/Poster-scaled.jpg);\"><\/div>\n\t\t\t\t<div class=\"elementor-cta__bg-overlay\"><\/div>\n\t\t\t<\/div>\n\t\t\t\t\t\t\t<div class=\"elementor-cta__content\">\n\t\t\t\t\n\t\t\t\t<h2 class=\"elementor-cta__title elementor-cta__content-item elementor-content-item\">P\u00f3ster serie WandaVision<\/h2>\n\t\t\t\t\n\t\t\t\t\t\t\t\t\t<div class=\"elementor-cta__button-wrapper elementor-cta__content-item elementor-content-item \">\n\t\t\t\t\t<span class=\"elementor-cta__button elementor-button elementor-size-xs\">\n\t\t\t\t\t\tVer m\u00e1s\t\t\t\t\t<\/span>\n\t\t\t\t\t<\/div>\n\t\t\t\t\t\t\t<\/div>\n\t\t\t\t\t\t<\/a>\n\t\t\t\t\t\t<\/div>\n\t\t\t\t<\/div>\n\t\t\t\t<div class=\"elementor-element elementor-element-392d112 elementor-bg-transform elementor-bg-transform-zoom-out elementor-cta--valign-middle elementor-cta--skin-classic elementor-animated-content elementor-widget elementor-widget-call-to-action\" data-id=\"392d112\" data-element_type=\"widget\" data-widget_type=\"call-to-action.default\">\n\t\t\t\t<div class=\"elementor-widget-container\">\n\t\t\t\t\t\t\t<a class=\"elementor-cta\" href=\"https:\/\/nalaramirez.com\/index.php\/portada-revista-vogue\/\">\n\t\t\t\t\t<div class=\"elementor-cta__bg-wrapper\">\n\t\t\t\t<div class=\"elementor-cta__bg elementor-bg\" style=\"background-image: url(https:\/\/nalaramirez.com\/wp-content\/uploads\/2024\/05\/01-scaled-e1717465261558.jpg);\"><\/div>\n\t\t\t\t<div class=\"elementor-cta__bg-overlay\"><\/div>\n\t\t\t<\/div>\n\t\t\t\t\t\t\t<div class=\"elementor-cta__content\">\n\t\t\t\t\n\t\t\t\t<h2 class=\"elementor-cta__title elementor-cta__content-item elementor-content-item\">Portada revista Vogue<\/h2>\n\t\t\t\t\n\t\t\t\t\t\t\t\t\t<div class=\"elementor-cta__button-wrapper elementor-cta__content-item elementor-content-item \">\n\t\t\t\t\t<span class=\"elementor-cta__button elementor-button elementor-size-xs\">\n\t\t\t\t\t\tVer m\u00e1s\t\t\t\t\t<\/span>\n\t\t\t\t\t<\/div>\n\t\t\t\t\t\t\t<\/div>\n\t\t\t\t\t\t<\/a>\n\t\t\t\t\t\t<\/div>\n\t\t\t\t<\/div>\n\t\t\t\t\t<\/div>\n\t\t<\/div>\n\t\t\t\t<div class=\"elementor-column elementor-col-50 elementor-top-column elementor-element elementor-element-2550150\" data-id=\"2550150\" data-element_type=\"column\">\n\t\t\t<div class=\"elementor-widget-wrap elementor-element-populated\">\n\t\t\t\t\t\t<div class=\"elementor-element elementor-element-e22fe23 elementor-bg-transform elementor-bg-transform-zoom-out elementor-cta--valign-middle elementor-cta--skin-classic elementor-animated-content elementor-widget elementor-widget-call-to-action\" data-id=\"e22fe23\" data-element_type=\"widget\" data-widget_type=\"call-to-action.default\">\n\t\t\t\t<div class=\"elementor-widget-container\">\n\t\t\t\t\t\t\t<a class=\"elementor-cta\" href=\"https:\/\/nalaramirez.com\/index.php\/odeon\/\">\n\t\t\t\t\t<div class=\"elementor-cta__bg-wrapper\">\n\t\t\t\t<div class=\"elementor-cta__bg elementor-bg\" style=\"background-image: url(https:\/\/nalaramirez.com\/wp-content\/uploads\/2024\/06\/Presentacion-canal_Mesa-de-trabajo-1-copia-3-scaled.jpg);\"><\/div>\n\t\t\t\t<div class=\"elementor-cta__bg-overlay\"><\/div>\n\t\t\t<\/div>\n\t\t\t\t\t\t\t<div class=\"elementor-cta__content\">\n\t\t\t\t\n\t\t\t\t<h2 class=\"elementor-cta__title elementor-cta__content-item elementor-content-item\">Branding TV - Ode\u00f3n<\/h2>\n\t\t\t\t\n\t\t\t\t\t\t\t\t\t<div class=\"elementor-cta__button-wrapper elementor-cta__content-item elementor-content-item \">\n\t\t\t\t\t<span class=\"elementor-cta__button elementor-button elementor-size-xs\">\n\t\t\t\t\t\tVer m\u00e1s\t\t\t\t\t<\/span>\n\t\t\t\t\t<\/div>\n\t\t\t\t\t\t\t<\/div>\n\t\t\t\t\t\t<\/a>\n\t\t\t\t\t\t<\/div>\n\t\t\t\t<\/div>\n\t\t\t\t<div class=\"elementor-element elementor-element-c8abdaa elementor-bg-transform elementor-bg-transform-zoom-out elementor-cta--valign-middle elementor-cta--skin-classic elementor-animated-content elementor-widget elementor-widget-call-to-action\" data-id=\"c8abdaa\" data-element_type=\"widget\" data-widget_type=\"call-to-action.default\">\n\t\t\t\t<div class=\"elementor-widget-container\">\n\t\t\t\t\t\t\t<a class=\"elementor-cta\" href=\"https:\/\/nalaramirez.com\/index.php\/cartel-pandora\/\">\n\t\t\t\t\t<div class=\"elementor-cta__bg-wrapper\">\n\t\t\t\t<div class=\"elementor-cta__bg elementor-bg\" style=\"background-image: url(https:\/\/nalaramirez.com\/wp-content\/uploads\/2024\/06\/Poster-1-scaled.jpg);\"><\/div>\n\t\t\t\t<div class=\"elementor-cta__bg-overlay\"><\/div>\n\t\t\t<\/div>\n\t\t\t\t\t\t\t<div class=\"elementor-cta__content\">\n\t\t\t\t\n\t\t\t\t<h2 class=\"elementor-cta__title elementor-cta__content-item elementor-content-item\">Cartel Pandora<\/h2>\n\t\t\t\t\n\t\t\t\t\t\t\t\t\t<div class=\"elementor-cta__button-wrapper elementor-cta__content-item elementor-content-item \">\n\t\t\t\t\t<span class=\"elementor-cta__button elementor-button elementor-size-xs\">\n\t\t\t\t\t\tVer m\u00e1s\t\t\t\t\t<\/span>\n\t\t\t\t\t<\/div>\n\t\t\t\t\t\t\t<\/div>\n\t\t\t\t\t\t<\/a>\n\t\t\t\t\t\t<\/div>\n\t\t\t\t<\/div>\n\t\t\t\t\t<\/div>\n\t\t<\/div>\n\t\t\t\t\t<\/div>\n\t\t<\/section>\n\t\t\t\t<section class=\"elementor-section elementor-top-section elementor-element elementor-element-8b0c91d elementor-section-boxed elementor-section-height-default elementor-section-height-default\" data-id=\"8b0c91d\" data-element_type=\"section\">\n\t\t\t\t\t\t<div class=\"elementor-container elementor-column-gap-default\">\n\t\t\t\t\t<div class=\"elementor-column elementor-col-100 elementor-top-column elementor-element elementor-element-9b27e40\" data-id=\"9b27e40\" data-element_type=\"column\">\n\t\t\t<div class=\"elementor-widget-wrap elementor-element-populated\">\n\t\t\t\t\t\t<div class=\"elementor-element elementor-element-cb01f6b elementor-widget elementor-widget-spacer\" data-id=\"cb01f6b\" data-element_type=\"widget\" data-widget_type=\"spacer.default\">\n\t\t\t\t<div class=\"elementor-widget-container\">\n\t\t\t\t\t\t\t<div class=\"elementor-spacer\">\n\t\t\t<div class=\"elementor-spacer-inner\"><\/div>\n\t\t<\/div>\n\t\t\t\t\t\t<\/div>\n\t\t\t\t<\/div>\n\t\t\t\t\t<\/div>\n\t\t<\/div>\n\t\t\t\t\t<\/div>\n\t\t<\/section>\n\t\t\t\t<section class=\"elementor-section elementor-top-section elementor-element elementor-element-ddee4fb elementor-section-boxed elementor-section-height-default elementor-section-height-default\" data-id=\"ddee4fb\" data-element_type=\"section\">\n\t\t\t\t\t\t<div class=\"elementor-container elementor-column-gap-default\">\n\t\t\t\t\t<div class=\"elementor-column elementor-col-100 elementor-top-column elementor-element elementor-element-2e7d0df\" data-id=\"2e7d0df\" data-element_type=\"column\">\n\t\t\t<div class=\"elementor-widget-wrap elementor-element-populated\">\n\t\t\t\t\t\t<div class=\"elementor-element elementor-element-b2cdced elementor-align-center elementor-invisible elementor-widget elementor-widget-button\" data-id=\"b2cdced\" data-element_type=\"widget\" data-settings=\"{&quot;_animation&quot;:&quot;fadeInDown&quot;}\" data-widget_type=\"button.default\">\n\t\t\t\t<div class=\"elementor-widget-container\">\n\t\t\t\t\t\t\t\t\t<div class=\"elementor-button-wrapper\">\n\t\t\t\t\t<a class=\"elementor-button elementor-button-link elementor-size-md\" href=\"https:\/\/nalaramirez.com\/?page_id=265\">\n\t\t\t\t\t\t<span class=\"elementor-button-content-wrapper\">\n\t\t\t\t\t\t\t\t\t<span class=\"elementor-button-text\">Ver m\u00e1s proyectos<\/span>\n\t\t\t\t\t<\/span>\n\t\t\t\t\t<\/a>\n\t\t\t\t<\/div>\n\t\t\t\t\t\t\t\t<\/div>\n\t\t\t\t<\/div>\n\t\t\t\t\t<\/div>\n\t\t<\/div>\n\t\t\t\t\t<\/div>\n\t\t<\/section>\n\t\t\t\t<section class=\"elementor-section elementor-top-section elementor-element elementor-element-68ffe83 elementor-section-boxed elementor-section-height-default elementor-section-height-default\" data-id=\"68ffe83\" data-element_type=\"section\">\n\t\t\t\t\t\t<div class=\"elementor-container elementor-column-gap-default\">\n\t\t\t\t\t<div class=\"elementor-column elementor-col-100 elementor-top-column elementor-element elementor-element-f38ce3b\" data-id=\"f38ce3b\" data-element_type=\"column\">\n\t\t\t<div class=\"elementor-widget-wrap elementor-element-populated\">\n\t\t\t\t\t\t<div class=\"elementor-element elementor-element-e639243 elementor-widget elementor-widget-spacer\" data-id=\"e639243\" data-element_type=\"widget\" data-widget_type=\"spacer.default\">\n\t\t\t\t<div class=\"elementor-widget-container\">\n\t\t\t\t\t\t\t<div class=\"elementor-spacer\">\n\t\t\t<div class=\"elementor-spacer-inner\"><\/div>\n\t\t<\/div>\n\t\t\t\t\t\t<\/div>\n\t\t\t\t<\/div>\n\t\t\t\t\t<\/div>\n\t\t<\/div>\n\t\t\t\t\t<\/div>\n\t\t<\/section>\n\t\t\t\t<\/div>\n\t\t","protected":false},"excerpt":{"rendered":"<p>\u00a1Hola! Soy Nala Ram\u00edrez y estoy estudiando mi \u00faltimo a\u00f1o de dise\u00f1o gr\u00e1fico. Aqu\u00ed podr\u00e1s encontrar algunos trabajos que he realizado durante [&hellip;]<\/p>\n","protected":false},"author":1,"featured_media":0,"parent":0,"menu_order":0,"comment_status":"closed","ping_status":"closed","template":"page-templates\/page_front-page.php","meta":{"footnotes":""},"class_list":["post-124","page","type-page","status-publish","hentry"],"yoast_head":"<!-- This site is optimized with the Yoast SEO plugin v24.2 - https:\/\/yoast.com\/wordpress\/plugins\/seo\/ -->\n<title>Inicio - Nala Ram\u00edrez<\/title>\n<meta name=\"robots\" content=\"index, follow, max-snippet:-1, max-image-preview:large, max-video-preview:-1\" \/>\n<link rel=\"canonical\" href=\"https:\/\/nalaramirez.com\/\" \/>\n<meta property=\"og:locale\" content=\"es_ES\" \/>\n<meta property=\"og:type\" content=\"article\" \/>\n<meta property=\"og:title\" content=\"Inicio - Nala Ram\u00edrez\" \/>\n<meta property=\"og:description\" content=\"\u00a1Hola! Soy Nala Ram\u00edrez y estoy estudiando mi \u00faltimo a\u00f1o de dise\u00f1o gr\u00e1fico. Aqu\u00ed podr\u00e1s encontrar algunos trabajos que he realizado durante [&hellip;]\" \/>\n<meta property=\"og:url\" content=\"https:\/\/nalaramirez.com\/\" \/>\n<meta property=\"og:site_name\" content=\"Nala Ram\u00edrez\" \/>\n<meta property=\"article:modified_time\" content=\"2025-06-09T10:28:25+00:00\" \/>\n<meta property=\"og:image\" content=\"https:\/\/nalaramirez.com\/wp-content\/uploads\/2024\/06\/Retrato-scaled.jpg\" \/>\n\t<meta property=\"og:image:width\" content=\"2560\" \/>\n\t<meta property=\"og:image:height\" content=\"2560\" \/>\n\t<meta property=\"og:image:type\" content=\"image\/jpeg\" \/>\n<meta name=\"twitter:card\" content=\"summary_large_image\" \/>\n<meta name=\"twitter:label1\" content=\"Tiempo de lectura\" \/>\n\t<meta name=\"twitter:data1\" content=\"1 minuto\" \/>\n<script type=\"application\/ld+json\" class=\"yoast-schema-graph\">{\"@context\":\"https:\/\/schema.org\",\"@graph\":[{\"@type\":\"WebPage\",\"@id\":\"https:\/\/nalaramirez.com\/\",\"url\":\"https:\/\/nalaramirez.com\/\",\"name\":\"Inicio - Nala Ram\u00edrez\",\"isPartOf\":{\"@id\":\"https:\/\/nalaramirez.com\/#website\"},\"primaryImageOfPage\":{\"@id\":\"https:\/\/nalaramirez.com\/#primaryimage\"},\"image\":{\"@id\":\"https:\/\/nalaramirez.com\/#primaryimage\"},\"thumbnailUrl\":\"https:\/\/nalaramirez.com\/wp-content\/uploads\/2024\/06\/Retrato-scaled.jpg\",\"datePublished\":\"2024-05-14T11:59:06+00:00\",\"dateModified\":\"2025-06-09T10:28:25+00:00\",\"breadcrumb\":{\"@id\":\"https:\/\/nalaramirez.com\/#breadcrumb\"},\"inLanguage\":\"es\",\"potentialAction\":[{\"@type\":\"ReadAction\",\"target\":[\"https:\/\/nalaramirez.com\/\"]}]},{\"@type\":\"ImageObject\",\"inLanguage\":\"es\",\"@id\":\"https:\/\/nalaramirez.com\/#primaryimage\",\"url\":\"https:\/\/nalaramirez.com\/wp-content\/uploads\/2024\/06\/Retrato-scaled.jpg\",\"contentUrl\":\"https:\/\/nalaramirez.com\/wp-content\/uploads\/2024\/06\/Retrato-scaled.jpg\",\"width\":2560,\"height\":2560},{\"@type\":\"BreadcrumbList\",\"@id\":\"https:\/\/nalaramirez.com\/#breadcrumb\",\"itemListElement\":[{\"@type\":\"ListItem\",\"position\":1,\"name\":\"Portada\",\"item\":\"https:\/\/nalaramirez.com\/\"},{\"@type\":\"ListItem\",\"position\":2,\"name\":\"Inicio\"}]},{\"@type\":\"WebSite\",\"@id\":\"https:\/\/nalaramirez.com\/#website\",\"url\":\"https:\/\/nalaramirez.com\/\",\"name\":\"Nala Ram\u00edrez\",\"description\":\"\",\"publisher\":{\"@id\":\"https:\/\/nalaramirez.com\/#organization\"},\"potentialAction\":[{\"@type\":\"SearchAction\",\"target\":{\"@type\":\"EntryPoint\",\"urlTemplate\":\"https:\/\/nalaramirez.com\/?s={search_term_string}\"},\"query-input\":{\"@type\":\"PropertyValueSpecification\",\"valueRequired\":true,\"valueName\":\"search_term_string\"}}],\"inLanguage\":\"es\"},{\"@type\":\"Organization\",\"@id\":\"https:\/\/nalaramirez.com\/#organization\",\"name\":\"Nala Ram\u00edrez\",\"url\":\"https:\/\/nalaramirez.com\/\",\"logo\":{\"@type\":\"ImageObject\",\"inLanguage\":\"es\",\"@id\":\"https:\/\/nalaramirez.com\/#\/schema\/logo\/image\/\",\"url\":\"https:\/\/nalaramirez.com\/wp-content\/uploads\/2025\/06\/Logo-final.png\",\"contentUrl\":\"https:\/\/nalaramirez.com\/wp-content\/uploads\/2025\/06\/Logo-final.png\",\"width\":4501,\"height\":4500,\"caption\":\"Nala Ram\u00edrez\"},\"image\":{\"@id\":\"https:\/\/nalaramirez.com\/#\/schema\/logo\/image\/\"}}]}<\/script>\n<!-- \/ Yoast SEO plugin. -->","yoast_head_json":{"title":"Inicio - Nala Ram\u00edrez","robots":{"index":"index","follow":"follow","max-snippet":"max-snippet:-1","max-image-preview":"max-image-preview:large","max-video-preview":"max-video-preview:-1"},"canonical":"https:\/\/nalaramirez.com\/","og_locale":"es_ES","og_type":"article","og_title":"Inicio - Nala Ram\u00edrez","og_description":"\u00a1Hola! Soy Nala Ram\u00edrez y estoy estudiando mi \u00faltimo a\u00f1o de dise\u00f1o gr\u00e1fico. Aqu\u00ed podr\u00e1s encontrar algunos trabajos que he realizado durante [&hellip;]","og_url":"https:\/\/nalaramirez.com\/","og_site_name":"Nala Ram\u00edrez","article_modified_time":"2025-06-09T10:28:25+00:00","og_image":[{"width":2560,"height":2560,"url":"https:\/\/nalaramirez.com\/wp-content\/uploads\/2024\/06\/Retrato-scaled.jpg","type":"image\/jpeg"}],"twitter_card":"summary_large_image","twitter_misc":{"Tiempo de lectura":"1 minuto"},"schema":{"@context":"https:\/\/schema.org","@graph":[{"@type":"WebPage","@id":"https:\/\/nalaramirez.com\/","url":"https:\/\/nalaramirez.com\/","name":"Inicio - Nala Ram\u00edrez","isPartOf":{"@id":"https:\/\/nalaramirez.com\/#website"},"primaryImageOfPage":{"@id":"https:\/\/nalaramirez.com\/#primaryimage"},"image":{"@id":"https:\/\/nalaramirez.com\/#primaryimage"},"thumbnailUrl":"https:\/\/nalaramirez.com\/wp-content\/uploads\/2024\/06\/Retrato-scaled.jpg","datePublished":"2024-05-14T11:59:06+00:00","dateModified":"2025-06-09T10:28:25+00:00","breadcrumb":{"@id":"https:\/\/nalaramirez.com\/#breadcrumb"},"inLanguage":"es","potentialAction":[{"@type":"ReadAction","target":["https:\/\/nalaramirez.com\/"]}]},{"@type":"ImageObject","inLanguage":"es","@id":"https:\/\/nalaramirez.com\/#primaryimage","url":"https:\/\/nalaramirez.com\/wp-content\/uploads\/2024\/06\/Retrato-scaled.jpg","contentUrl":"https:\/\/nalaramirez.com\/wp-content\/uploads\/2024\/06\/Retrato-scaled.jpg","width":2560,"height":2560},{"@type":"BreadcrumbList","@id":"https:\/\/nalaramirez.com\/#breadcrumb","itemListElement":[{"@type":"ListItem","position":1,"name":"Portada","item":"https:\/\/nalaramirez.com\/"},{"@type":"ListItem","position":2,"name":"Inicio"}]},{"@type":"WebSite","@id":"https:\/\/nalaramirez.com\/#website","url":"https:\/\/nalaramirez.com\/","name":"Nala Ram\u00edrez","description":"","publisher":{"@id":"https:\/\/nalaramirez.com\/#organization"},"potentialAction":[{"@type":"SearchAction","target":{"@type":"EntryPoint","urlTemplate":"https:\/\/nalaramirez.com\/?s={search_term_string}"},"query-input":{"@type":"PropertyValueSpecification","valueRequired":true,"valueName":"search_term_string"}}],"inLanguage":"es"},{"@type":"Organization","@id":"https:\/\/nalaramirez.com\/#organization","name":"Nala Ram\u00edrez","url":"https:\/\/nalaramirez.com\/","logo":{"@type":"ImageObject","inLanguage":"es","@id":"https:\/\/nalaramirez.com\/#\/schema\/logo\/image\/","url":"https:\/\/nalaramirez.com\/wp-content\/uploads\/2025\/06\/Logo-final.png","contentUrl":"https:\/\/nalaramirez.com\/wp-content\/uploads\/2025\/06\/Logo-final.png","width":4501,"height":4500,"caption":"Nala Ram\u00edrez"},"image":{"@id":"https:\/\/nalaramirez.com\/#\/schema\/logo\/image\/"}}]}},"_links":{"self":[{"href":"https:\/\/nalaramirez.com\/index.php\/wp-json\/wp\/v2\/pages\/124","targetHints":{"allow":["GET"]}}],"collection":[{"href":"https:\/\/nalaramirez.com\/index.php\/wp-json\/wp\/v2\/pages"}],"about":[{"href":"https:\/\/nalaramirez.com\/index.php\/wp-json\/wp\/v2\/types\/page"}],"author":[{"embeddable":true,"href":"https:\/\/nalaramirez.com\/index.php\/wp-json\/wp\/v2\/users\/1"}],"replies":[{"embeddable":true,"href":"https:\/\/nalaramirez.com\/index.php\/wp-json\/wp\/v2\/comments?post=124"}],"version-history":[{"count":233,"href":"https:\/\/nalaramirez.com\/index.php\/wp-json\/wp\/v2\/pages\/124\/revisions"}],"predecessor-version":[{"id":1966,"href":"https:\/\/nalaramirez.com\/index.php\/wp-json\/wp\/v2\/pages\/124\/revisions\/1966"}],"wp:attachment":[{"href":"https:\/\/nalaramirez.com\/index.php\/wp-json\/wp\/v2\/media?parent=124"}],"curies":[{"name":"wp","href":"https:\/\/api.w.org\/{rel}","templated":true}]}}