{"id":395,"date":"2024-05-28T12:51:04","date_gmt":"2024-05-28T12:51:04","guid":{"rendered":"https:\/\/nalaramirez.com\/?page_id=395"},"modified":"2024-06-05T02:22:38","modified_gmt":"2024-06-05T02:22:38","slug":"identidad-packaging","status":"publish","type":"page","link":"https:\/\/nalaramirez.com\/index.php\/identidad-packaging\/","title":{"rendered":"Identidad &#038; Packaging"},"content":{"rendered":"\t\t<div data-elementor-type=\"wp-page\" data-elementor-id=\"395\" class=\"elementor elementor-395\">\n\t\t\t\t\t\t<section class=\"elementor-section elementor-top-section elementor-element elementor-element-a1a479d elementor-section-boxed elementor-section-height-default elementor-section-height-default\" data-id=\"a1a479d\" data-element_type=\"section\">\n\t\t\t\t\t\t<div class=\"elementor-container elementor-column-gap-default\">\n\t\t\t\t\t<div class=\"elementor-column elementor-col-100 elementor-top-column elementor-element elementor-element-06d9824\" data-id=\"06d9824\" data-element_type=\"column\">\n\t\t\t<div class=\"elementor-widget-wrap elementor-element-populated\">\n\t\t\t\t\t\t<div class=\"elementor-element elementor-element-ef44f29 elementor-widget elementor-widget-spacer\" data-id=\"ef44f29\" data-element_type=\"widget\" data-widget_type=\"spacer.default\">\n\t\t\t\t<div class=\"elementor-widget-container\">\n\t\t\t\t\t\t\t<div class=\"elementor-spacer\">\n\t\t\t<div class=\"elementor-spacer-inner\"><\/div>\n\t\t<\/div>\n\t\t\t\t\t\t<\/div>\n\t\t\t\t<\/div>\n\t\t\t\t\t<\/div>\n\t\t<\/div>\n\t\t\t\t\t<\/div>\n\t\t<\/section>\n\t\t\t\t<section class=\"elementor-section elementor-top-section elementor-element elementor-element-765e092 elementor-section-boxed elementor-section-height-default elementor-section-height-default\" data-id=\"765e092\" data-element_type=\"section\">\n\t\t\t\t\t\t<div class=\"elementor-container elementor-column-gap-default\">\n\t\t\t\t\t<div class=\"elementor-column elementor-col-100 elementor-top-column elementor-element elementor-element-b68b758\" data-id=\"b68b758\" data-element_type=\"column\">\n\t\t\t<div class=\"elementor-widget-wrap elementor-element-populated\">\n\t\t\t\t\t\t<div class=\"elementor-element elementor-element-8509528 elementor-invisible elementor-widget elementor-widget-heading\" data-id=\"8509528\" data-element_type=\"widget\" data-settings=\"{&quot;_animation&quot;:&quot;fadeInDown&quot;}\" data-widget_type=\"heading.default\">\n\t\t\t\t<div class=\"elementor-widget-container\">\n\t\t\t\t\t<h2 class=\"elementor-heading-title elementor-size-default\">Identidad &amp; Packaging<\/h2>\t\t\t\t<\/div>\n\t\t\t\t<\/div>\n\t\t\t\t\t<\/div>\n\t\t<\/div>\n\t\t\t\t\t<\/div>\n\t\t<\/section>\n\t\t\t\t<section class=\"elementor-section elementor-top-section elementor-element elementor-element-d9bfb56 elementor-section-boxed elementor-section-height-default elementor-section-height-default\" data-id=\"d9bfb56\" data-element_type=\"section\">\n\t\t\t\t\t\t<div class=\"elementor-container elementor-column-gap-default\">\n\t\t\t\t\t<div class=\"elementor-column elementor-col-100 elementor-top-column elementor-element elementor-element-db4af7e\" data-id=\"db4af7e\" data-element_type=\"column\">\n\t\t\t<div class=\"elementor-widget-wrap elementor-element-populated\">\n\t\t\t\t\t\t<div class=\"elementor-element elementor-element-692bd76 elementor-widget elementor-widget-spacer\" data-id=\"692bd76\" data-element_type=\"widget\" data-widget_type=\"spacer.default\">\n\t\t\t\t<div class=\"elementor-widget-container\">\n\t\t\t\t\t\t\t<div class=\"elementor-spacer\">\n\t\t\t<div class=\"elementor-spacer-inner\"><\/div>\n\t\t<\/div>\n\t\t\t\t\t\t<\/div>\n\t\t\t\t<\/div>\n\t\t\t\t\t<\/div>\n\t\t<\/div>\n\t\t\t\t\t<\/div>\n\t\t<\/section>\n\t\t\t\t<section class=\"elementor-section elementor-top-section elementor-element elementor-element-a556c6c elementor-section-boxed elementor-section-height-default elementor-section-height-default\" data-id=\"a556c6c\" data-element_type=\"section\">\n\t\t\t\t\t\t<div class=\"elementor-container elementor-column-gap-default\">\n\t\t\t\t\t<div class=\"elementor-column elementor-col-33 elementor-top-column elementor-element elementor-element-3310dfc\" data-id=\"3310dfc\" data-element_type=\"column\">\n\t\t\t<div class=\"elementor-widget-wrap elementor-element-populated\">\n\t\t\t\t\t\t<div class=\"elementor-element elementor-element-da42ea9 elementor-cta--skin-cover elementor-cta--valign-middle elementor-animated-content elementor-bg-transform elementor-bg-transform-zoom-in elementor-widget elementor-widget-call-to-action\" data-id=\"da42ea9\" data-element_type=\"widget\" data-widget_type=\"call-to-action.default\">\n\t\t\t\t<div class=\"elementor-widget-container\">\n\t\t\t\t\t\t\t<a class=\"elementor-cta\" href=\"https:\/\/nalaramirez.com\/index.php\/clinica-veterinaria-darwin\/\">\n\t\t\t\t\t<div class=\"elementor-cta__bg-wrapper\">\n\t\t\t\t<div class=\"elementor-cta__bg elementor-bg\" style=\"background-image: url(https:\/\/nalaramirez.com\/wp-content\/uploads\/2024\/06\/Clinica-Veterinaria-Darwin_Vertical.jpg);\"><\/div>\n\t\t\t\t<div class=\"elementor-cta__bg-overlay\"><\/div>\n\t\t\t<\/div>\n\t\t\t\t\t\t\t<div class=\"elementor-cta__content\">\n\t\t\t\t\n\t\t\t\t<div class=\"elementor-cta__title elementor-cta__content-item elementor-content-item elementor-animated-item--grow\">Identidad Cl\u00ednica Veterinaria Darwin<\/div>\n\t\t\t\t\n\t\t\t\t\t\t\t<\/div>\n\t\t\t\t\t\t<\/a>\n\t\t\t\t\t\t<\/div>\n\t\t\t\t<\/div>\n\t\t\t\t<div class=\"elementor-element elementor-element-2b8dc90 elementor-cta--skin-cover elementor-cta--valign-middle elementor-animated-content elementor-bg-transform elementor-bg-transform-zoom-in elementor-widget elementor-widget-call-to-action\" data-id=\"2b8dc90\" data-element_type=\"widget\" data-widget_type=\"call-to-action.default\">\n\t\t\t\t<div class=\"elementor-widget-container\">\n\t\t\t\t\t\t\t<a class=\"elementor-cta\" href=\"https:\/\/nalaramirez.com\/index.php\/vinilo-single-san-pedro-bely-basarte\/\">\n\t\t\t\t\t<div class=\"elementor-cta__bg-wrapper\">\n\t\t\t\t<div class=\"elementor-cta__bg elementor-bg\" style=\"background-image: url(https:\/\/nalaramirez.com\/wp-content\/uploads\/2024\/06\/Frontal-vinilo-2-e1717524787739.jpg);\"><\/div>\n\t\t\t\t<div class=\"elementor-cta__bg-overlay\"><\/div>\n\t\t\t<\/div>\n\t\t\t\t\t\t\t<div class=\"elementor-cta__content\">\n\t\t\t\t\n\t\t\t\t<div class=\"elementor-cta__title elementor-cta__content-item elementor-content-item elementor-animated-item--grow\">Vinilo single San Pedro - Bely Basarte<\/div>\n\t\t\t\t\n\t\t\t\t\t\t\t<\/div>\n\t\t\t\t\t\t<\/a>\n\t\t\t\t\t\t<\/div>\n\t\t\t\t<\/div>\n\t\t\t\t\t<\/div>\n\t\t<\/div>\n\t\t\t\t<div class=\"elementor-column elementor-col-33 elementor-top-column elementor-element elementor-element-76a3193\" data-id=\"76a3193\" data-element_type=\"column\">\n\t\t\t<div class=\"elementor-widget-wrap elementor-element-populated\">\n\t\t\t\t\t\t<div class=\"elementor-element elementor-element-af83940 elementor-cta--skin-cover elementor-cta--valign-middle elementor-animated-content elementor-bg-transform elementor-bg-transform-zoom-in elementor-widget elementor-widget-call-to-action\" data-id=\"af83940\" data-element_type=\"widget\" data-widget_type=\"call-to-action.default\">\n\t\t\t\t<div class=\"elementor-widget-container\">\n\t\t\t\t\t\t\t<a class=\"elementor-cta\" href=\"https:\/\/nalaramirez.com\/index.php\/odeon\/\">\n\t\t\t\t\t<div class=\"elementor-cta__bg-wrapper\">\n\t\t\t\t<div class=\"elementor-cta__bg elementor-bg\" style=\"background-image: url(https:\/\/nalaramirez.com\/wp-content\/uploads\/2024\/06\/Presentacion-canal_Mesa-de-trabajo-1-copia-3-scaled.jpg);\"><\/div>\n\t\t\t\t<div class=\"elementor-cta__bg-overlay\"><\/div>\n\t\t\t<\/div>\n\t\t\t\t\t\t\t<div class=\"elementor-cta__content\">\n\t\t\t\t\n\t\t\t\t<div class=\"elementor-cta__title elementor-cta__content-item elementor-content-item elementor-animated-item--grow\">Branding TV - Ode\u00f3n<\/div>\n\t\t\t\t\n\t\t\t\t\t\t\t<\/div>\n\t\t\t\t\t\t<\/a>\n\t\t\t\t\t\t<\/div>\n\t\t\t\t<\/div>\n\t\t\t\t<div class=\"elementor-element elementor-element-730698d elementor-cta--skin-cover elementor-cta--valign-middle elementor-animated-content elementor-bg-transform elementor-bg-transform-zoom-in elementor-widget elementor-widget-call-to-action\" data-id=\"730698d\" data-element_type=\"widget\" data-widget_type=\"call-to-action.default\">\n\t\t\t\t<div class=\"elementor-widget-container\">\n\t\t\t\t\t\t\t<a class=\"elementor-cta\" href=\"https:\/\/nalaramirez.com\/index.php\/mascota-corporativa-flying-tiger\/\">\n\t\t\t\t\t<div class=\"elementor-cta__bg-wrapper\">\n\t\t\t\t<div class=\"elementor-cta__bg elementor-bg\" style=\"background-image: url(https:\/\/nalaramirez.com\/wp-content\/uploads\/2024\/06\/Manuela_Ramirez_manual-scaled.jpg);\"><\/div>\n\t\t\t\t<div class=\"elementor-cta__bg-overlay\"><\/div>\n\t\t\t<\/div>\n\t\t\t\t\t\t\t<div class=\"elementor-cta__content\">\n\t\t\t\t\n\t\t\t\t<div class=\"elementor-cta__title elementor-cta__content-item elementor-content-item elementor-animated-item--grow\">Mascota corporativa Flying Tiger<\/div>\n\t\t\t\t\n\t\t\t\t\t\t\t<\/div>\n\t\t\t\t\t\t<\/a>\n\t\t\t\t\t\t<\/div>\n\t\t\t\t<\/div>\n\t\t\t\t\t<\/div>\n\t\t<\/div>\n\t\t\t\t<div class=\"elementor-column elementor-col-33 elementor-top-column elementor-element elementor-element-890d1d6\" data-id=\"890d1d6\" data-element_type=\"column\">\n\t\t\t<div class=\"elementor-widget-wrap elementor-element-populated\">\n\t\t\t\t\t\t<div class=\"elementor-element elementor-element-908e5a9 elementor-cta--skin-cover elementor-cta--valign-middle elementor-animated-content elementor-bg-transform elementor-bg-transform-zoom-in elementor-widget elementor-widget-call-to-action\" data-id=\"908e5a9\" data-element_type=\"widget\" data-widget_type=\"call-to-action.default\">\n\t\t\t\t<div class=\"elementor-widget-container\">\n\t\t\t\t\t\t\t<a class=\"elementor-cta\" href=\"https:\/\/nalaramirez.com\/index.php\/bolsa-de-patatas-santa-ana\/\">\n\t\t\t\t\t<div class=\"elementor-cta__bg-wrapper\">\n\t\t\t\t<div class=\"elementor-cta__bg elementor-bg\" style=\"background-image: url(https:\/\/nalaramirez.com\/wp-content\/uploads\/2024\/06\/Bolsa-Patatas-1-01-e1717524481259.jpg);\"><\/div>\n\t\t\t\t<div class=\"elementor-cta__bg-overlay\"><\/div>\n\t\t\t<\/div>\n\t\t\t\t\t\t\t<div class=\"elementor-cta__content\">\n\t\t\t\t\n\t\t\t\t<div class=\"elementor-cta__title elementor-cta__content-item elementor-content-item elementor-animated-item--grow\">Bolsa de patatas Santa Ana<\/div>\n\t\t\t\t\n\t\t\t\t\t\t\t<\/div>\n\t\t\t\t\t\t<\/a>\n\t\t\t\t\t\t<\/div>\n\t\t\t\t<\/div>\n\t\t\t\t\t<\/div>\n\t\t<\/div>\n\t\t\t\t\t<\/div>\n\t\t<\/section>\n\t\t\t\t<section class=\"elementor-section elementor-top-section elementor-element elementor-element-f3766ca elementor-section-boxed elementor-section-height-default elementor-section-height-default\" data-id=\"f3766ca\" data-element_type=\"section\">\n\t\t\t\t\t\t<div class=\"elementor-container elementor-column-gap-default\">\n\t\t\t\t\t<div class=\"elementor-column elementor-col-100 elementor-top-column elementor-element elementor-element-624ce85\" data-id=\"624ce85\" data-element_type=\"column\">\n\t\t\t<div class=\"elementor-widget-wrap elementor-element-populated\">\n\t\t\t\t\t\t<div class=\"elementor-element elementor-element-cdbe60b elementor-widget elementor-widget-spacer\" data-id=\"cdbe60b\" data-element_type=\"widget\" data-widget_type=\"spacer.default\">\n\t\t\t\t<div class=\"elementor-widget-container\">\n\t\t\t\t\t\t\t<div class=\"elementor-spacer\">\n\t\t\t<div class=\"elementor-spacer-inner\"><\/div>\n\t\t<\/div>\n\t\t\t\t\t\t<\/div>\n\t\t\t\t<\/div>\n\t\t\t\t\t<\/div>\n\t\t<\/div>\n\t\t\t\t\t<\/div>\n\t\t<\/section>\n\t\t\t\t<section class=\"elementor-section elementor-top-section elementor-element elementor-element-68fe110 elementor-section-boxed elementor-section-height-default elementor-section-height-default\" data-id=\"68fe110\" data-element_type=\"section\">\n\t\t\t\t\t\t<div class=\"elementor-container elementor-column-gap-default\">\n\t\t\t\t\t<div class=\"elementor-column elementor-col-100 elementor-top-column elementor-element elementor-element-8d16608\" data-id=\"8d16608\" data-element_type=\"column\">\n\t\t\t<div class=\"elementor-widget-wrap elementor-element-populated\">\n\t\t\t\t\t\t<div class=\"elementor-element elementor-element-ad7c309 elementor-align-center elementor-invisible elementor-widget elementor-widget-button\" data-id=\"ad7c309\" data-element_type=\"widget\" data-settings=\"{&quot;_animation&quot;:&quot;fadeInDown&quot;}\" data-widget_type=\"button.default\">\n\t\t\t\t<div class=\"elementor-widget-container\">\n\t\t\t\t\t\t\t\t\t<div class=\"elementor-button-wrapper\">\n\t\t\t\t\t<a class=\"elementor-button elementor-button-link elementor-size-sm\" href=\"https:\/\/nalaramirez.com\/?page_id=265\">\n\t\t\t\t\t\t<span class=\"elementor-button-content-wrapper\">\n\t\t\t\t\t\t\t\t\t<span class=\"elementor-button-text\">Ver m\u00e1s proyectos<\/span>\n\t\t\t\t\t<\/span>\n\t\t\t\t\t<\/a>\n\t\t\t\t<\/div>\n\t\t\t\t\t\t\t\t<\/div>\n\t\t\t\t<\/div>\n\t\t\t\t\t<\/div>\n\t\t<\/div>\n\t\t\t\t\t<\/div>\n\t\t<\/section>\n\t\t\t\t<section class=\"elementor-section elementor-top-section elementor-element elementor-element-d3a8093 elementor-section-boxed elementor-section-height-default elementor-section-height-default\" data-id=\"d3a8093\" data-element_type=\"section\">\n\t\t\t\t\t\t<div class=\"elementor-container elementor-column-gap-default\">\n\t\t\t\t\t<div class=\"elementor-column elementor-col-100 elementor-top-column elementor-element elementor-element-9f979e4\" data-id=\"9f979e4\" data-element_type=\"column\">\n\t\t\t<div class=\"elementor-widget-wrap elementor-element-populated\">\n\t\t\t\t\t\t<div class=\"elementor-element elementor-element-be064fe elementor-widget elementor-widget-spacer\" data-id=\"be064fe\" data-element_type=\"widget\" data-widget_type=\"spacer.default\">\n\t\t\t\t<div class=\"elementor-widget-container\">\n\t\t\t\t\t\t\t<div class=\"elementor-spacer\">\n\t\t\t<div class=\"elementor-spacer-inner\"><\/div>\n\t\t<\/div>\n\t\t\t\t\t\t<\/div>\n\t\t\t\t<\/div>\n\t\t\t\t\t<\/div>\n\t\t<\/div>\n\t\t\t\t\t<\/div>\n\t\t<\/section>\n\t\t\t\t<\/div>\n\t\t","protected":false},"excerpt":{"rendered":"<p>Identidad &amp; Packaging Identidad Cl\u00ednica Veterinaria Darwin Vinilo single San Pedro &#8211; Bely Basarte Branding TV &#8211; Ode\u00f3n Mascota corporativa Flying Tiger [&hellip;]<\/p>\n","protected":false},"author":1,"featured_media":0,"parent":0,"menu_order":0,"comment_status":"closed","ping_status":"closed","template":"page-templates\/page_front-page.php","meta":{"footnotes":""},"class_list":["post-395","page","type-page","status-publish","hentry"],"yoast_head":"<!-- This site is optimized with the Yoast SEO plugin v24.2 - https:\/\/yoast.com\/wordpress\/plugins\/seo\/ -->\n<title>Identidad &amp; Packaging - Nala Ram\u00edrez<\/title>\n<meta name=\"robots\" content=\"index, follow, max-snippet:-1, max-image-preview:large, max-video-preview:-1\" \/>\n<link rel=\"canonical\" href=\"https:\/\/nalaramirez.com\/index.php\/identidad-packaging\/\" \/>\n<meta property=\"og:locale\" content=\"es_ES\" \/>\n<meta property=\"og:type\" content=\"article\" \/>\n<meta property=\"og:title\" content=\"Identidad &amp; Packaging - Nala Ram\u00edrez\" \/>\n<meta property=\"og:description\" content=\"Identidad &amp; Packaging Identidad Cl\u00ednica Veterinaria Darwin Vinilo single San Pedro &#8211; Bely Basarte Branding TV &#8211; Ode\u00f3n Mascota corporativa Flying Tiger [&hellip;]\" \/>\n<meta property=\"og:url\" content=\"https:\/\/nalaramirez.com\/index.php\/identidad-packaging\/\" \/>\n<meta property=\"og:site_name\" content=\"Nala Ram\u00edrez\" \/>\n<meta property=\"article:modified_time\" content=\"2024-06-05T02:22:38+00:00\" \/>\n<meta name=\"twitter:card\" content=\"summary_large_image\" \/>\n<meta name=\"twitter:label1\" content=\"Tiempo de lectura\" \/>\n\t<meta name=\"twitter:data1\" content=\"1 minuto\" \/>\n<script type=\"application\/ld+json\" class=\"yoast-schema-graph\">{\"@context\":\"https:\/\/schema.org\",\"@graph\":[{\"@type\":\"WebPage\",\"@id\":\"https:\/\/nalaramirez.com\/index.php\/identidad-packaging\/\",\"url\":\"https:\/\/nalaramirez.com\/index.php\/identidad-packaging\/\",\"name\":\"Identidad & Packaging - Nala Ram\u00edrez\",\"isPartOf\":{\"@id\":\"https:\/\/nalaramirez.com\/#website\"},\"datePublished\":\"2024-05-28T12:51:04+00:00\",\"dateModified\":\"2024-06-05T02:22:38+00:00\",\"breadcrumb\":{\"@id\":\"https:\/\/nalaramirez.com\/index.php\/identidad-packaging\/#breadcrumb\"},\"inLanguage\":\"es\",\"potentialAction\":[{\"@type\":\"ReadAction\",\"target\":[\"https:\/\/nalaramirez.com\/index.php\/identidad-packaging\/\"]}]},{\"@type\":\"BreadcrumbList\",\"@id\":\"https:\/\/nalaramirez.com\/index.php\/identidad-packaging\/#breadcrumb\",\"itemListElement\":[{\"@type\":\"ListItem\",\"position\":1,\"name\":\"Portada\",\"item\":\"https:\/\/nalaramirez.com\/\"},{\"@type\":\"ListItem\",\"position\":2,\"name\":\"Identidad &#038; Packaging\"}]},{\"@type\":\"WebSite\",\"@id\":\"https:\/\/nalaramirez.com\/#website\",\"url\":\"https:\/\/nalaramirez.com\/\",\"name\":\"Nala Ram\u00edrez\",\"description\":\"\",\"publisher\":{\"@id\":\"https:\/\/nalaramirez.com\/#organization\"},\"potentialAction\":[{\"@type\":\"SearchAction\",\"target\":{\"@type\":\"EntryPoint\",\"urlTemplate\":\"https:\/\/nalaramirez.com\/?s={search_term_string}\"},\"query-input\":{\"@type\":\"PropertyValueSpecification\",\"valueRequired\":true,\"valueName\":\"search_term_string\"}}],\"inLanguage\":\"es\"},{\"@type\":\"Organization\",\"@id\":\"https:\/\/nalaramirez.com\/#organization\",\"name\":\"Nala Ram\u00edrez\",\"url\":\"https:\/\/nalaramirez.com\/\",\"logo\":{\"@type\":\"ImageObject\",\"inLanguage\":\"es\",\"@id\":\"https:\/\/nalaramirez.com\/#\/schema\/logo\/image\/\",\"url\":\"https:\/\/nalaramirez.com\/wp-content\/uploads\/2025\/06\/Logo-final.png\",\"contentUrl\":\"https:\/\/nalaramirez.com\/wp-content\/uploads\/2025\/06\/Logo-final.png\",\"width\":4501,\"height\":4500,\"caption\":\"Nala Ram\u00edrez\"},\"image\":{\"@id\":\"https:\/\/nalaramirez.com\/#\/schema\/logo\/image\/\"}}]}<\/script>\n<!-- \/ Yoast SEO plugin. -->","yoast_head_json":{"title":"Identidad & Packaging - Nala Ram\u00edrez","robots":{"index":"index","follow":"follow","max-snippet":"max-snippet:-1","max-image-preview":"max-image-preview:large","max-video-preview":"max-video-preview:-1"},"canonical":"https:\/\/nalaramirez.com\/index.php\/identidad-packaging\/","og_locale":"es_ES","og_type":"article","og_title":"Identidad & Packaging - Nala Ram\u00edrez","og_description":"Identidad &amp; Packaging Identidad Cl\u00ednica Veterinaria Darwin Vinilo single San Pedro &#8211; Bely Basarte Branding TV &#8211; Ode\u00f3n Mascota corporativa Flying Tiger [&hellip;]","og_url":"https:\/\/nalaramirez.com\/index.php\/identidad-packaging\/","og_site_name":"Nala Ram\u00edrez","article_modified_time":"2024-06-05T02:22:38+00:00","twitter_card":"summary_large_image","twitter_misc":{"Tiempo de lectura":"1 minuto"},"schema":{"@context":"https:\/\/schema.org","@graph":[{"@type":"WebPage","@id":"https:\/\/nalaramirez.com\/index.php\/identidad-packaging\/","url":"https:\/\/nalaramirez.com\/index.php\/identidad-packaging\/","name":"Identidad & Packaging - Nala Ram\u00edrez","isPartOf":{"@id":"https:\/\/nalaramirez.com\/#website"},"datePublished":"2024-05-28T12:51:04+00:00","dateModified":"2024-06-05T02:22:38+00:00","breadcrumb":{"@id":"https:\/\/nalaramirez.com\/index.php\/identidad-packaging\/#breadcrumb"},"inLanguage":"es","potentialAction":[{"@type":"ReadAction","target":["https:\/\/nalaramirez.com\/index.php\/identidad-packaging\/"]}]},{"@type":"BreadcrumbList","@id":"https:\/\/nalaramirez.com\/index.php\/identidad-packaging\/#breadcrumb","itemListElement":[{"@type":"ListItem","position":1,"name":"Portada","item":"https:\/\/nalaramirez.com\/"},{"@type":"ListItem","position":2,"name":"Identidad &#038; Packaging"}]},{"@type":"WebSite","@id":"https:\/\/nalaramirez.com\/#website","url":"https:\/\/nalaramirez.com\/","name":"Nala Ram\u00edrez","description":"","publisher":{"@id":"https:\/\/nalaramirez.com\/#organization"},"potentialAction":[{"@type":"SearchAction","target":{"@type":"EntryPoint","urlTemplate":"https:\/\/nalaramirez.com\/?s={search_term_string}"},"query-input":{"@type":"PropertyValueSpecification","valueRequired":true,"valueName":"search_term_string"}}],"inLanguage":"es"},{"@type":"Organization","@id":"https:\/\/nalaramirez.com\/#organization","name":"Nala Ram\u00edrez","url":"https:\/\/nalaramirez.com\/","logo":{"@type":"ImageObject","inLanguage":"es","@id":"https:\/\/nalaramirez.com\/#\/schema\/logo\/image\/","url":"https:\/\/nalaramirez.com\/wp-content\/uploads\/2025\/06\/Logo-final.png","contentUrl":"https:\/\/nalaramirez.com\/wp-content\/uploads\/2025\/06\/Logo-final.png","width":4501,"height":4500,"caption":"Nala Ram\u00edrez"},"image":{"@id":"https:\/\/nalaramirez.com\/#\/schema\/logo\/image\/"}}]}},"_links":{"self":[{"href":"https:\/\/nalaramirez.com\/index.php\/wp-json\/wp\/v2\/pages\/395","targetHints":{"allow":["GET"]}}],"collection":[{"href":"https:\/\/nalaramirez.com\/index.php\/wp-json\/wp\/v2\/pages"}],"about":[{"href":"https:\/\/nalaramirez.com\/index.php\/wp-json\/wp\/v2\/types\/page"}],"author":[{"embeddable":true,"href":"https:\/\/nalaramirez.com\/index.php\/wp-json\/wp\/v2\/users\/1"}],"replies":[{"embeddable":true,"href":"https:\/\/nalaramirez.com\/index.php\/wp-json\/wp\/v2\/comments?post=395"}],"version-history":[{"count":73,"href":"https:\/\/nalaramirez.com\/index.php\/wp-json\/wp\/v2\/pages\/395\/revisions"}],"predecessor-version":[{"id":1318,"href":"https:\/\/nalaramirez.com\/index.php\/wp-json\/wp\/v2\/pages\/395\/revisions\/1318"}],"wp:attachment":[{"href":"https:\/\/nalaramirez.com\/index.php\/wp-json\/wp\/v2\/media?parent=395"}],"curies":[{"name":"wp","href":"https:\/\/api.w.org\/{rel}","templated":true}]}}