{"id":416,"date":"2024-05-28T12:52:48","date_gmt":"2024-05-28T12:52:48","guid":{"rendered":"https:\/\/nalaramirez.com\/?page_id=416"},"modified":"2024-06-05T02:21:11","modified_gmt":"2024-06-05T02:21:11","slug":"carteleria","status":"publish","type":"page","link":"https:\/\/nalaramirez.com\/index.php\/carteleria\/","title":{"rendered":"Animaci\u00f3n"},"content":{"rendered":"\t\t<div data-elementor-type=\"wp-page\" data-elementor-id=\"416\" class=\"elementor elementor-416\">\n\t\t\t\t\t\t<section class=\"elementor-section elementor-top-section elementor-element elementor-element-e2d46f5 elementor-section-boxed elementor-section-height-default elementor-section-height-default\" data-id=\"e2d46f5\" data-element_type=\"section\">\n\t\t\t\t\t\t<div class=\"elementor-container elementor-column-gap-default\">\n\t\t\t\t\t<div class=\"elementor-column elementor-col-100 elementor-top-column elementor-element elementor-element-98bcdb9\" data-id=\"98bcdb9\" data-element_type=\"column\">\n\t\t\t<div class=\"elementor-widget-wrap elementor-element-populated\">\n\t\t\t\t\t\t<div class=\"elementor-element elementor-element-d1f29b5 elementor-widget elementor-widget-spacer\" data-id=\"d1f29b5\" data-element_type=\"widget\" data-widget_type=\"spacer.default\">\n\t\t\t\t<div class=\"elementor-widget-container\">\n\t\t\t\t\t\t\t<div class=\"elementor-spacer\">\n\t\t\t<div class=\"elementor-spacer-inner\"><\/div>\n\t\t<\/div>\n\t\t\t\t\t\t<\/div>\n\t\t\t\t<\/div>\n\t\t\t\t\t<\/div>\n\t\t<\/div>\n\t\t\t\t\t<\/div>\n\t\t<\/section>\n\t\t\t\t<section class=\"elementor-section elementor-top-section elementor-element elementor-element-19da0ef elementor-section-boxed elementor-section-height-default elementor-section-height-default\" data-id=\"19da0ef\" data-element_type=\"section\">\n\t\t\t\t\t\t<div class=\"elementor-container elementor-column-gap-default\">\n\t\t\t\t\t<div class=\"elementor-column elementor-col-100 elementor-top-column elementor-element elementor-element-f94b5fd\" data-id=\"f94b5fd\" data-element_type=\"column\">\n\t\t\t<div class=\"elementor-widget-wrap elementor-element-populated\">\n\t\t\t\t\t\t<div class=\"elementor-element elementor-element-d6ebdc6 elementor-invisible elementor-widget elementor-widget-heading\" data-id=\"d6ebdc6\" data-element_type=\"widget\" data-settings=\"{&quot;_animation&quot;:&quot;fadeInDown&quot;}\" data-widget_type=\"heading.default\">\n\t\t\t\t<div class=\"elementor-widget-container\">\n\t\t\t\t\t<h2 class=\"elementor-heading-title elementor-size-default\">Animaci\u00f3n<\/h2>\t\t\t\t<\/div>\n\t\t\t\t<\/div>\n\t\t\t\t\t<\/div>\n\t\t<\/div>\n\t\t\t\t\t<\/div>\n\t\t<\/section>\n\t\t\t\t<section class=\"elementor-section elementor-top-section elementor-element elementor-element-3a10130 elementor-section-boxed elementor-section-height-default elementor-section-height-default\" data-id=\"3a10130\" data-element_type=\"section\">\n\t\t\t\t\t\t<div class=\"elementor-container elementor-column-gap-default\">\n\t\t\t\t\t<div class=\"elementor-column elementor-col-100 elementor-top-column elementor-element elementor-element-7734058\" data-id=\"7734058\" data-element_type=\"column\">\n\t\t\t<div class=\"elementor-widget-wrap elementor-element-populated\">\n\t\t\t\t\t\t<div class=\"elementor-element elementor-element-0a12e30 elementor-widget elementor-widget-spacer\" data-id=\"0a12e30\" data-element_type=\"widget\" data-widget_type=\"spacer.default\">\n\t\t\t\t<div class=\"elementor-widget-container\">\n\t\t\t\t\t\t\t<div class=\"elementor-spacer\">\n\t\t\t<div class=\"elementor-spacer-inner\"><\/div>\n\t\t<\/div>\n\t\t\t\t\t\t<\/div>\n\t\t\t\t<\/div>\n\t\t\t\t\t<\/div>\n\t\t<\/div>\n\t\t\t\t\t<\/div>\n\t\t<\/section>\n\t\t\t\t<section class=\"elementor-section elementor-top-section elementor-element elementor-element-a5cf163 elementor-section-boxed elementor-section-height-default elementor-section-height-default\" data-id=\"a5cf163\" data-element_type=\"section\">\n\t\t\t\t\t\t<div class=\"elementor-container elementor-column-gap-default\">\n\t\t\t\t\t<div class=\"elementor-column elementor-col-33 elementor-top-column elementor-element elementor-element-30c16ac\" data-id=\"30c16ac\" data-element_type=\"column\">\n\t\t\t<div class=\"elementor-widget-wrap elementor-element-populated\">\n\t\t\t\t\t\t<div class=\"elementor-element elementor-element-ad0a267 elementor-cta--skin-cover elementor-cta--valign-middle elementor-animated-content elementor-bg-transform elementor-bg-transform-zoom-in elementor-widget elementor-widget-call-to-action\" data-id=\"ad0a267\" data-element_type=\"widget\" data-widget_type=\"call-to-action.default\">\n\t\t\t\t<div class=\"elementor-widget-container\">\n\t\t\t\t\t\t\t<a class=\"elementor-cta\" href=\"https:\/\/nalaramirez.com\/index.php\/odeon\/\">\n\t\t\t\t\t<div class=\"elementor-cta__bg-wrapper\">\n\t\t\t\t<div class=\"elementor-cta__bg elementor-bg\" style=\"background-image: url(https:\/\/nalaramirez.com\/wp-content\/uploads\/2024\/06\/Presentacion-canal_Mesa-de-trabajo-1-copia-3-scaled.jpg);\"><\/div>\n\t\t\t\t<div class=\"elementor-cta__bg-overlay\"><\/div>\n\t\t\t<\/div>\n\t\t\t\t\t\t\t<div class=\"elementor-cta__content\">\n\t\t\t\t\n\t\t\t\t<div class=\"elementor-cta__title elementor-cta__content-item elementor-content-item elementor-animated-item--grow\">Branding Tv - Ode\u00f3n<\/div>\n\t\t\t\t\n\t\t\t\t\t\t\t<\/div>\n\t\t\t\t\t\t<\/a>\n\t\t\t\t\t\t<\/div>\n\t\t\t\t<\/div>\n\t\t\t\t\t<\/div>\n\t\t<\/div>\n\t\t\t\t<div class=\"elementor-column elementor-col-33 elementor-top-column elementor-element elementor-element-cc9f543\" data-id=\"cc9f543\" data-element_type=\"column\">\n\t\t\t<div class=\"elementor-widget-wrap elementor-element-populated\">\n\t\t\t\t\t\t<div class=\"elementor-element elementor-element-03faeed elementor-cta--skin-cover elementor-cta--valign-middle elementor-animated-content elementor-bg-transform elementor-bg-transform-zoom-in elementor-widget elementor-widget-call-to-action\" data-id=\"03faeed\" data-element_type=\"widget\" data-widget_type=\"call-to-action.default\">\n\t\t\t\t<div class=\"elementor-widget-container\">\n\t\t\t\t\t\t\t<a class=\"elementor-cta\" href=\"https:\/\/nalaramirez.com\/index.php\/vinilo-single-san-pedro-bely-basarte\/\">\n\t\t\t\t\t<div class=\"elementor-cta__bg-wrapper\">\n\t\t\t\t<div class=\"elementor-cta__bg elementor-bg\" style=\"background-image: url(https:\/\/nalaramirez.com\/wp-content\/uploads\/2024\/06\/thumb.jpg);\"><\/div>\n\t\t\t\t<div class=\"elementor-cta__bg-overlay\"><\/div>\n\t\t\t<\/div>\n\t\t\t\t\t\t\t<div class=\"elementor-cta__content\">\n\t\t\t\t\n\t\t\t\t<div class=\"elementor-cta__title elementor-cta__content-item elementor-content-item elementor-animated-item--grow\">Videoclip San Pedro - Bely Basarte<\/div>\n\t\t\t\t\n\t\t\t\t\t\t\t<\/div>\n\t\t\t\t\t\t<\/a>\n\t\t\t\t\t\t<\/div>\n\t\t\t\t<\/div>\n\t\t\t\t\t<\/div>\n\t\t<\/div>\n\t\t\t\t<div class=\"elementor-column elementor-col-33 elementor-top-column elementor-element elementor-element-0bba488\" data-id=\"0bba488\" data-element_type=\"column\">\n\t\t\t<div class=\"elementor-widget-wrap\">\n\t\t\t\t\t\t\t<\/div>\n\t\t<\/div>\n\t\t\t\t\t<\/div>\n\t\t<\/section>\n\t\t\t\t<section class=\"elementor-section elementor-top-section elementor-element elementor-element-f7ef510 elementor-section-boxed elementor-section-height-default elementor-section-height-default\" data-id=\"f7ef510\" data-element_type=\"section\">\n\t\t\t\t\t\t<div class=\"elementor-container elementor-column-gap-default\">\n\t\t\t\t\t<div class=\"elementor-column elementor-col-100 elementor-top-column elementor-element elementor-element-29681dc\" data-id=\"29681dc\" data-element_type=\"column\">\n\t\t\t<div class=\"elementor-widget-wrap elementor-element-populated\">\n\t\t\t\t\t\t<div class=\"elementor-element elementor-element-1f6d39f elementor-widget elementor-widget-spacer\" data-id=\"1f6d39f\" data-element_type=\"widget\" data-widget_type=\"spacer.default\">\n\t\t\t\t<div class=\"elementor-widget-container\">\n\t\t\t\t\t\t\t<div class=\"elementor-spacer\">\n\t\t\t<div class=\"elementor-spacer-inner\"><\/div>\n\t\t<\/div>\n\t\t\t\t\t\t<\/div>\n\t\t\t\t<\/div>\n\t\t\t\t\t<\/div>\n\t\t<\/div>\n\t\t\t\t\t<\/div>\n\t\t<\/section>\n\t\t\t\t<section class=\"elementor-section elementor-top-section elementor-element elementor-element-fdc44ae elementor-section-boxed elementor-section-height-default elementor-section-height-default\" data-id=\"fdc44ae\" data-element_type=\"section\">\n\t\t\t\t\t\t<div class=\"elementor-container elementor-column-gap-default\">\n\t\t\t\t\t<div class=\"elementor-column elementor-col-100 elementor-top-column elementor-element elementor-element-e1ef612\" data-id=\"e1ef612\" data-element_type=\"column\">\n\t\t\t<div class=\"elementor-widget-wrap elementor-element-populated\">\n\t\t\t\t\t\t<div class=\"elementor-element elementor-element-c0e155b elementor-align-center elementor-invisible elementor-widget elementor-widget-button\" data-id=\"c0e155b\" data-element_type=\"widget\" data-settings=\"{&quot;_animation&quot;:&quot;fadeInDown&quot;}\" data-widget_type=\"button.default\">\n\t\t\t\t<div class=\"elementor-widget-container\">\n\t\t\t\t\t\t\t\t\t<div class=\"elementor-button-wrapper\">\n\t\t\t\t\t<a class=\"elementor-button elementor-button-link elementor-size-sm\" href=\"https:\/\/nalaramirez.com\/?page_id=265\">\n\t\t\t\t\t\t<span class=\"elementor-button-content-wrapper\">\n\t\t\t\t\t\t\t\t\t<span class=\"elementor-button-text\">Ver m\u00e1s proyectos<\/span>\n\t\t\t\t\t<\/span>\n\t\t\t\t\t<\/a>\n\t\t\t\t<\/div>\n\t\t\t\t\t\t\t\t<\/div>\n\t\t\t\t<\/div>\n\t\t\t\t\t<\/div>\n\t\t<\/div>\n\t\t\t\t\t<\/div>\n\t\t<\/section>\n\t\t\t\t<section class=\"elementor-section elementor-top-section elementor-element elementor-element-eab22b6 elementor-section-boxed elementor-section-height-default elementor-section-height-default\" data-id=\"eab22b6\" data-element_type=\"section\">\n\t\t\t\t\t\t<div class=\"elementor-container elementor-column-gap-default\">\n\t\t\t\t\t<div class=\"elementor-column elementor-col-100 elementor-top-column elementor-element elementor-element-12e9481\" data-id=\"12e9481\" data-element_type=\"column\">\n\t\t\t<div class=\"elementor-widget-wrap elementor-element-populated\">\n\t\t\t\t\t\t<div class=\"elementor-element elementor-element-7a8b3f0 elementor-widget elementor-widget-spacer\" data-id=\"7a8b3f0\" data-element_type=\"widget\" data-widget_type=\"spacer.default\">\n\t\t\t\t<div class=\"elementor-widget-container\">\n\t\t\t\t\t\t\t<div class=\"elementor-spacer\">\n\t\t\t<div class=\"elementor-spacer-inner\"><\/div>\n\t\t<\/div>\n\t\t\t\t\t\t<\/div>\n\t\t\t\t<\/div>\n\t\t\t\t\t<\/div>\n\t\t<\/div>\n\t\t\t\t\t<\/div>\n\t\t<\/section>\n\t\t\t\t<\/div>\n\t\t","protected":false},"excerpt":{"rendered":"<p>Animaci\u00f3n Branding Tv &#8211; Ode\u00f3n Videoclip San Pedro &#8211; Bely Basarte Ver m\u00e1s proyectos<\/p>\n","protected":false},"author":1,"featured_media":0,"parent":0,"menu_order":0,"comment_status":"closed","ping_status":"closed","template":"page-templates\/page_front-page.php","meta":{"footnotes":""},"class_list":["post-416","page","type-page","status-publish","hentry"],"yoast_head":"<!-- This site is optimized with the Yoast SEO plugin v24.2 - https:\/\/yoast.com\/wordpress\/plugins\/seo\/ -->\n<title>Animaci\u00f3n - Nala Ram\u00edrez<\/title>\n<meta name=\"robots\" content=\"index, follow, max-snippet:-1, max-image-preview:large, max-video-preview:-1\" \/>\n<link rel=\"canonical\" href=\"https:\/\/nalaramirez.com\/index.php\/carteleria\/\" \/>\n<meta property=\"og:locale\" content=\"es_ES\" \/>\n<meta property=\"og:type\" content=\"article\" \/>\n<meta property=\"og:title\" content=\"Animaci\u00f3n - Nala Ram\u00edrez\" \/>\n<meta property=\"og:description\" content=\"Animaci\u00f3n Branding Tv &#8211; Ode\u00f3n Videoclip San Pedro &#8211; Bely Basarte Ver m\u00e1s proyectos\" \/>\n<meta property=\"og:url\" content=\"https:\/\/nalaramirez.com\/index.php\/carteleria\/\" \/>\n<meta property=\"og:site_name\" content=\"Nala Ram\u00edrez\" \/>\n<meta property=\"article:modified_time\" content=\"2024-06-05T02:21:11+00:00\" \/>\n<meta name=\"twitter:card\" content=\"summary_large_image\" \/>\n<meta name=\"twitter:label1\" content=\"Tiempo de lectura\" \/>\n\t<meta name=\"twitter:data1\" content=\"1 minuto\" \/>\n<script type=\"application\/ld+json\" class=\"yoast-schema-graph\">{\"@context\":\"https:\/\/schema.org\",\"@graph\":[{\"@type\":\"WebPage\",\"@id\":\"https:\/\/nalaramirez.com\/index.php\/carteleria\/\",\"url\":\"https:\/\/nalaramirez.com\/index.php\/carteleria\/\",\"name\":\"Animaci\u00f3n - Nala Ram\u00edrez\",\"isPartOf\":{\"@id\":\"https:\/\/nalaramirez.com\/#website\"},\"datePublished\":\"2024-05-28T12:52:48+00:00\",\"dateModified\":\"2024-06-05T02:21:11+00:00\",\"breadcrumb\":{\"@id\":\"https:\/\/nalaramirez.com\/index.php\/carteleria\/#breadcrumb\"},\"inLanguage\":\"es\",\"potentialAction\":[{\"@type\":\"ReadAction\",\"target\":[\"https:\/\/nalaramirez.com\/index.php\/carteleria\/\"]}]},{\"@type\":\"BreadcrumbList\",\"@id\":\"https:\/\/nalaramirez.com\/index.php\/carteleria\/#breadcrumb\",\"itemListElement\":[{\"@type\":\"ListItem\",\"position\":1,\"name\":\"Portada\",\"item\":\"https:\/\/nalaramirez.com\/\"},{\"@type\":\"ListItem\",\"position\":2,\"name\":\"Animaci\u00f3n\"}]},{\"@type\":\"WebSite\",\"@id\":\"https:\/\/nalaramirez.com\/#website\",\"url\":\"https:\/\/nalaramirez.com\/\",\"name\":\"Nala Ram\u00edrez\",\"description\":\"\",\"publisher\":{\"@id\":\"https:\/\/nalaramirez.com\/#organization\"},\"potentialAction\":[{\"@type\":\"SearchAction\",\"target\":{\"@type\":\"EntryPoint\",\"urlTemplate\":\"https:\/\/nalaramirez.com\/?s={search_term_string}\"},\"query-input\":{\"@type\":\"PropertyValueSpecification\",\"valueRequired\":true,\"valueName\":\"search_term_string\"}}],\"inLanguage\":\"es\"},{\"@type\":\"Organization\",\"@id\":\"https:\/\/nalaramirez.com\/#organization\",\"name\":\"Nala Ram\u00edrez\",\"url\":\"https:\/\/nalaramirez.com\/\",\"logo\":{\"@type\":\"ImageObject\",\"inLanguage\":\"es\",\"@id\":\"https:\/\/nalaramirez.com\/#\/schema\/logo\/image\/\",\"url\":\"https:\/\/nalaramirez.com\/wp-content\/uploads\/2025\/06\/Logo-final.png\",\"contentUrl\":\"https:\/\/nalaramirez.com\/wp-content\/uploads\/2025\/06\/Logo-final.png\",\"width\":4501,\"height\":4500,\"caption\":\"Nala Ram\u00edrez\"},\"image\":{\"@id\":\"https:\/\/nalaramirez.com\/#\/schema\/logo\/image\/\"}}]}<\/script>\n<!-- \/ Yoast SEO plugin. -->","yoast_head_json":{"title":"Animaci\u00f3n - Nala Ram\u00edrez","robots":{"index":"index","follow":"follow","max-snippet":"max-snippet:-1","max-image-preview":"max-image-preview:large","max-video-preview":"max-video-preview:-1"},"canonical":"https:\/\/nalaramirez.com\/index.php\/carteleria\/","og_locale":"es_ES","og_type":"article","og_title":"Animaci\u00f3n - Nala Ram\u00edrez","og_description":"Animaci\u00f3n Branding Tv &#8211; Ode\u00f3n Videoclip San Pedro &#8211; Bely Basarte Ver m\u00e1s proyectos","og_url":"https:\/\/nalaramirez.com\/index.php\/carteleria\/","og_site_name":"Nala Ram\u00edrez","article_modified_time":"2024-06-05T02:21:11+00:00","twitter_card":"summary_large_image","twitter_misc":{"Tiempo de lectura":"1 minuto"},"schema":{"@context":"https:\/\/schema.org","@graph":[{"@type":"WebPage","@id":"https:\/\/nalaramirez.com\/index.php\/carteleria\/","url":"https:\/\/nalaramirez.com\/index.php\/carteleria\/","name":"Animaci\u00f3n - Nala Ram\u00edrez","isPartOf":{"@id":"https:\/\/nalaramirez.com\/#website"},"datePublished":"2024-05-28T12:52:48+00:00","dateModified":"2024-06-05T02:21:11+00:00","breadcrumb":{"@id":"https:\/\/nalaramirez.com\/index.php\/carteleria\/#breadcrumb"},"inLanguage":"es","potentialAction":[{"@type":"ReadAction","target":["https:\/\/nalaramirez.com\/index.php\/carteleria\/"]}]},{"@type":"BreadcrumbList","@id":"https:\/\/nalaramirez.com\/index.php\/carteleria\/#breadcrumb","itemListElement":[{"@type":"ListItem","position":1,"name":"Portada","item":"https:\/\/nalaramirez.com\/"},{"@type":"ListItem","position":2,"name":"Animaci\u00f3n"}]},{"@type":"WebSite","@id":"https:\/\/nalaramirez.com\/#website","url":"https:\/\/nalaramirez.com\/","name":"Nala Ram\u00edrez","description":"","publisher":{"@id":"https:\/\/nalaramirez.com\/#organization"},"potentialAction":[{"@type":"SearchAction","target":{"@type":"EntryPoint","urlTemplate":"https:\/\/nalaramirez.com\/?s={search_term_string}"},"query-input":{"@type":"PropertyValueSpecification","valueRequired":true,"valueName":"search_term_string"}}],"inLanguage":"es"},{"@type":"Organization","@id":"https:\/\/nalaramirez.com\/#organization","name":"Nala Ram\u00edrez","url":"https:\/\/nalaramirez.com\/","logo":{"@type":"ImageObject","inLanguage":"es","@id":"https:\/\/nalaramirez.com\/#\/schema\/logo\/image\/","url":"https:\/\/nalaramirez.com\/wp-content\/uploads\/2025\/06\/Logo-final.png","contentUrl":"https:\/\/nalaramirez.com\/wp-content\/uploads\/2025\/06\/Logo-final.png","width":4501,"height":4500,"caption":"Nala Ram\u00edrez"},"image":{"@id":"https:\/\/nalaramirez.com\/#\/schema\/logo\/image\/"}}]}},"_links":{"self":[{"href":"https:\/\/nalaramirez.com\/index.php\/wp-json\/wp\/v2\/pages\/416","targetHints":{"allow":["GET"]}}],"collection":[{"href":"https:\/\/nalaramirez.com\/index.php\/wp-json\/wp\/v2\/pages"}],"about":[{"href":"https:\/\/nalaramirez.com\/index.php\/wp-json\/wp\/v2\/types\/page"}],"author":[{"embeddable":true,"href":"https:\/\/nalaramirez.com\/index.php\/wp-json\/wp\/v2\/users\/1"}],"replies":[{"embeddable":true,"href":"https:\/\/nalaramirez.com\/index.php\/wp-json\/wp\/v2\/comments?post=416"}],"version-history":[{"count":61,"href":"https:\/\/nalaramirez.com\/index.php\/wp-json\/wp\/v2\/pages\/416\/revisions"}],"predecessor-version":[{"id":1306,"href":"https:\/\/nalaramirez.com\/index.php\/wp-json\/wp\/v2\/pages\/416\/revisions\/1306"}],"wp:attachment":[{"href":"https:\/\/nalaramirez.com\/index.php\/wp-json\/wp\/v2\/media?parent=416"}],"curies":[{"name":"wp","href":"https:\/\/api.w.org\/{rel}","templated":true}]}}