{"id":432,"date":"2024-05-28T12:54:48","date_gmt":"2024-05-28T12:54:48","guid":{"rendered":"https:\/\/nalaramirez.com\/?page_id=432"},"modified":"2024-06-05T02:21:31","modified_gmt":"2024-06-05T02:21:31","slug":"tipografia","status":"publish","type":"page","link":"https:\/\/nalaramirez.com\/index.php\/tipografia\/","title":{"rendered":"Tipograf\u00eda"},"content":{"rendered":"\t\t<div data-elementor-type=\"wp-page\" data-elementor-id=\"432\" class=\"elementor elementor-432\">\n\t\t\t\t\t\t<section class=\"elementor-section elementor-top-section elementor-element elementor-element-cd15dd1 elementor-section-boxed elementor-section-height-default elementor-section-height-default\" data-id=\"cd15dd1\" data-element_type=\"section\">\n\t\t\t\t\t\t<div class=\"elementor-container elementor-column-gap-default\">\n\t\t\t\t\t<div class=\"elementor-column elementor-col-100 elementor-top-column elementor-element elementor-element-9c02ad6\" data-id=\"9c02ad6\" data-element_type=\"column\">\n\t\t\t<div class=\"elementor-widget-wrap elementor-element-populated\">\n\t\t\t\t\t\t<div class=\"elementor-element elementor-element-3ce514a elementor-widget elementor-widget-spacer\" data-id=\"3ce514a\" data-element_type=\"widget\" data-widget_type=\"spacer.default\">\n\t\t\t\t<div class=\"elementor-widget-container\">\n\t\t\t\t\t\t\t<div class=\"elementor-spacer\">\n\t\t\t<div class=\"elementor-spacer-inner\"><\/div>\n\t\t<\/div>\n\t\t\t\t\t\t<\/div>\n\t\t\t\t<\/div>\n\t\t\t\t\t<\/div>\n\t\t<\/div>\n\t\t\t\t\t<\/div>\n\t\t<\/section>\n\t\t\t\t<section class=\"elementor-section elementor-top-section elementor-element elementor-element-8b02eb7 elementor-section-boxed elementor-section-height-default elementor-section-height-default\" data-id=\"8b02eb7\" data-element_type=\"section\">\n\t\t\t\t\t\t<div class=\"elementor-container elementor-column-gap-default\">\n\t\t\t\t\t<div class=\"elementor-column elementor-col-100 elementor-top-column elementor-element elementor-element-559be0e\" data-id=\"559be0e\" data-element_type=\"column\">\n\t\t\t<div class=\"elementor-widget-wrap elementor-element-populated\">\n\t\t\t\t\t\t<div class=\"elementor-element elementor-element-ea50ac6 elementor-invisible elementor-widget elementor-widget-heading\" data-id=\"ea50ac6\" data-element_type=\"widget\" data-settings=\"{&quot;_animation&quot;:&quot;fadeInDown&quot;}\" data-widget_type=\"heading.default\">\n\t\t\t\t<div class=\"elementor-widget-container\">\n\t\t\t\t\t<h2 class=\"elementor-heading-title elementor-size-default\">Tipograf\u00eda<\/h2>\t\t\t\t<\/div>\n\t\t\t\t<\/div>\n\t\t\t\t\t<\/div>\n\t\t<\/div>\n\t\t\t\t\t<\/div>\n\t\t<\/section>\n\t\t\t\t<section class=\"elementor-section elementor-top-section elementor-element elementor-element-6fd49cc elementor-section-boxed elementor-section-height-default elementor-section-height-default\" data-id=\"6fd49cc\" data-element_type=\"section\">\n\t\t\t\t\t\t<div class=\"elementor-container elementor-column-gap-default\">\n\t\t\t\t\t<div class=\"elementor-column elementor-col-100 elementor-top-column elementor-element elementor-element-272448f\" data-id=\"272448f\" data-element_type=\"column\">\n\t\t\t<div class=\"elementor-widget-wrap elementor-element-populated\">\n\t\t\t\t\t\t<div class=\"elementor-element elementor-element-c9fddd0 elementor-widget elementor-widget-spacer\" data-id=\"c9fddd0\" data-element_type=\"widget\" data-widget_type=\"spacer.default\">\n\t\t\t\t<div class=\"elementor-widget-container\">\n\t\t\t\t\t\t\t<div class=\"elementor-spacer\">\n\t\t\t<div class=\"elementor-spacer-inner\"><\/div>\n\t\t<\/div>\n\t\t\t\t\t\t<\/div>\n\t\t\t\t<\/div>\n\t\t\t\t\t<\/div>\n\t\t<\/div>\n\t\t\t\t\t<\/div>\n\t\t<\/section>\n\t\t\t\t<section class=\"elementor-section elementor-top-section elementor-element elementor-element-a1e0bae elementor-section-boxed elementor-section-height-default elementor-section-height-default\" data-id=\"a1e0bae\" data-element_type=\"section\">\n\t\t\t\t\t\t<div class=\"elementor-container elementor-column-gap-default\">\n\t\t\t\t\t<div class=\"elementor-column elementor-col-33 elementor-top-column elementor-element elementor-element-7df110a\" data-id=\"7df110a\" data-element_type=\"column\">\n\t\t\t<div class=\"elementor-widget-wrap elementor-element-populated\">\n\t\t\t\t\t\t<div class=\"elementor-element elementor-element-5230ed1 elementor-cta--skin-cover elementor-cta--valign-middle elementor-animated-content elementor-bg-transform elementor-bg-transform-zoom-in elementor-widget elementor-widget-call-to-action\" data-id=\"5230ed1\" data-element_type=\"widget\" data-widget_type=\"call-to-action.default\">\n\t\t\t\t<div class=\"elementor-widget-container\">\n\t\t\t\t\t\t\t<a class=\"elementor-cta\" href=\"https:\/\/nalaramirez.com\/index.php\/20s-moonlight\/\">\n\t\t\t\t\t<div class=\"elementor-cta__bg-wrapper\">\n\t\t\t\t<div class=\"elementor-cta__bg elementor-bg\" style=\"background-image: url(https:\/\/nalaramirez.com\/wp-content\/uploads\/2024\/06\/Especimen-Tipografico_ManuelaRamirez-scaled.jpg);\"><\/div>\n\t\t\t\t<div class=\"elementor-cta__bg-overlay\"><\/div>\n\t\t\t<\/div>\n\t\t\t\t\t\t\t<div class=\"elementor-cta__content\">\n\t\t\t\t\n\t\t\t\t<div class=\"elementor-cta__title elementor-cta__content-item elementor-content-item elementor-animated-item--grow\">20s Moonlight<\/div>\n\t\t\t\t\n\t\t\t\t\t\t\t<\/div>\n\t\t\t\t\t\t<\/a>\n\t\t\t\t\t\t<\/div>\n\t\t\t\t<\/div>\n\t\t\t\t\t<\/div>\n\t\t<\/div>\n\t\t\t\t<div class=\"elementor-column elementor-col-33 elementor-top-column elementor-element elementor-element-39914a2\" data-id=\"39914a2\" data-element_type=\"column\">\n\t\t\t<div class=\"elementor-widget-wrap\">\n\t\t\t\t\t\t\t<\/div>\n\t\t<\/div>\n\t\t\t\t<div class=\"elementor-column elementor-col-33 elementor-top-column elementor-element elementor-element-7922c74\" data-id=\"7922c74\" data-element_type=\"column\">\n\t\t\t<div class=\"elementor-widget-wrap\">\n\t\t\t\t\t\t\t<\/div>\n\t\t<\/div>\n\t\t\t\t\t<\/div>\n\t\t<\/section>\n\t\t\t\t<section class=\"elementor-section elementor-top-section elementor-element elementor-element-2c37758 elementor-section-boxed elementor-section-height-default elementor-section-height-default\" data-id=\"2c37758\" data-element_type=\"section\">\n\t\t\t\t\t\t<div class=\"elementor-container elementor-column-gap-default\">\n\t\t\t\t\t<div class=\"elementor-column elementor-col-100 elementor-top-column elementor-element elementor-element-a4f622b\" data-id=\"a4f622b\" data-element_type=\"column\">\n\t\t\t<div class=\"elementor-widget-wrap elementor-element-populated\">\n\t\t\t\t\t\t<div class=\"elementor-element elementor-element-f0299cf elementor-widget elementor-widget-spacer\" data-id=\"f0299cf\" data-element_type=\"widget\" data-widget_type=\"spacer.default\">\n\t\t\t\t<div class=\"elementor-widget-container\">\n\t\t\t\t\t\t\t<div class=\"elementor-spacer\">\n\t\t\t<div class=\"elementor-spacer-inner\"><\/div>\n\t\t<\/div>\n\t\t\t\t\t\t<\/div>\n\t\t\t\t<\/div>\n\t\t\t\t\t<\/div>\n\t\t<\/div>\n\t\t\t\t\t<\/div>\n\t\t<\/section>\n\t\t\t\t<section class=\"elementor-section elementor-top-section elementor-element elementor-element-206908d elementor-section-boxed elementor-section-height-default elementor-section-height-default\" data-id=\"206908d\" data-element_type=\"section\">\n\t\t\t\t\t\t<div class=\"elementor-container elementor-column-gap-default\">\n\t\t\t\t\t<div class=\"elementor-column elementor-col-100 elementor-top-column elementor-element elementor-element-3dc6969\" data-id=\"3dc6969\" data-element_type=\"column\">\n\t\t\t<div class=\"elementor-widget-wrap elementor-element-populated\">\n\t\t\t\t\t\t<div class=\"elementor-element elementor-element-fbd241c elementor-align-center elementor-invisible elementor-widget elementor-widget-button\" data-id=\"fbd241c\" data-element_type=\"widget\" data-settings=\"{&quot;_animation&quot;:&quot;fadeInDown&quot;}\" data-widget_type=\"button.default\">\n\t\t\t\t<div class=\"elementor-widget-container\">\n\t\t\t\t\t\t\t\t\t<div class=\"elementor-button-wrapper\">\n\t\t\t\t\t<a class=\"elementor-button elementor-button-link elementor-size-sm\" href=\"https:\/\/nalaramirez.com\/?page_id=265\">\n\t\t\t\t\t\t<span class=\"elementor-button-content-wrapper\">\n\t\t\t\t\t\t\t\t\t<span class=\"elementor-button-text\">Ver m\u00e1s proyectos<\/span>\n\t\t\t\t\t<\/span>\n\t\t\t\t\t<\/a>\n\t\t\t\t<\/div>\n\t\t\t\t\t\t\t\t<\/div>\n\t\t\t\t<\/div>\n\t\t\t\t\t<\/div>\n\t\t<\/div>\n\t\t\t\t\t<\/div>\n\t\t<\/section>\n\t\t\t\t<section class=\"elementor-section elementor-top-section elementor-element elementor-element-ab07c9c elementor-section-boxed elementor-section-height-default elementor-section-height-default\" data-id=\"ab07c9c\" data-element_type=\"section\">\n\t\t\t\t\t\t<div class=\"elementor-container elementor-column-gap-default\">\n\t\t\t\t\t<div class=\"elementor-column elementor-col-100 elementor-top-column elementor-element elementor-element-d9fe182\" data-id=\"d9fe182\" data-element_type=\"column\">\n\t\t\t<div class=\"elementor-widget-wrap elementor-element-populated\">\n\t\t\t\t\t\t<div class=\"elementor-element elementor-element-28b1aa6 elementor-widget elementor-widget-spacer\" data-id=\"28b1aa6\" data-element_type=\"widget\" data-widget_type=\"spacer.default\">\n\t\t\t\t<div class=\"elementor-widget-container\">\n\t\t\t\t\t\t\t<div class=\"elementor-spacer\">\n\t\t\t<div class=\"elementor-spacer-inner\"><\/div>\n\t\t<\/div>\n\t\t\t\t\t\t<\/div>\n\t\t\t\t<\/div>\n\t\t\t\t\t<\/div>\n\t\t<\/div>\n\t\t\t\t\t<\/div>\n\t\t<\/section>\n\t\t\t\t<\/div>\n\t\t","protected":false},"excerpt":{"rendered":"<p>Tipograf\u00eda 20s Moonlight Ver m\u00e1s proyectos<\/p>\n","protected":false},"author":1,"featured_media":0,"parent":0,"menu_order":0,"comment_status":"closed","ping_status":"closed","template":"page-templates\/page_front-page.php","meta":{"footnotes":""},"class_list":["post-432","page","type-page","status-publish","hentry"],"yoast_head":"<!-- This site is optimized with the Yoast SEO plugin v24.2 - https:\/\/yoast.com\/wordpress\/plugins\/seo\/ -->\n<title>Tipograf\u00eda - Nala Ram\u00edrez<\/title>\n<meta name=\"robots\" content=\"index, follow, max-snippet:-1, max-image-preview:large, max-video-preview:-1\" \/>\n<link rel=\"canonical\" href=\"https:\/\/nalaramirez.com\/index.php\/tipografia\/\" \/>\n<meta property=\"og:locale\" content=\"es_ES\" \/>\n<meta property=\"og:type\" content=\"article\" \/>\n<meta property=\"og:title\" content=\"Tipograf\u00eda - Nala Ram\u00edrez\" \/>\n<meta property=\"og:description\" content=\"Tipograf\u00eda 20s Moonlight Ver m\u00e1s proyectos\" \/>\n<meta property=\"og:url\" content=\"https:\/\/nalaramirez.com\/index.php\/tipografia\/\" \/>\n<meta property=\"og:site_name\" content=\"Nala Ram\u00edrez\" \/>\n<meta property=\"article:modified_time\" content=\"2024-06-05T02:21:31+00:00\" \/>\n<meta name=\"twitter:card\" content=\"summary_large_image\" \/>\n<meta name=\"twitter:label1\" content=\"Tiempo de lectura\" \/>\n\t<meta name=\"twitter:data1\" content=\"1 minuto\" \/>\n<script type=\"application\/ld+json\" class=\"yoast-schema-graph\">{\"@context\":\"https:\/\/schema.org\",\"@graph\":[{\"@type\":\"WebPage\",\"@id\":\"https:\/\/nalaramirez.com\/index.php\/tipografia\/\",\"url\":\"https:\/\/nalaramirez.com\/index.php\/tipografia\/\",\"name\":\"Tipograf\u00eda - Nala Ram\u00edrez\",\"isPartOf\":{\"@id\":\"https:\/\/nalaramirez.com\/#website\"},\"datePublished\":\"2024-05-28T12:54:48+00:00\",\"dateModified\":\"2024-06-05T02:21:31+00:00\",\"breadcrumb\":{\"@id\":\"https:\/\/nalaramirez.com\/index.php\/tipografia\/#breadcrumb\"},\"inLanguage\":\"es\",\"potentialAction\":[{\"@type\":\"ReadAction\",\"target\":[\"https:\/\/nalaramirez.com\/index.php\/tipografia\/\"]}]},{\"@type\":\"BreadcrumbList\",\"@id\":\"https:\/\/nalaramirez.com\/index.php\/tipografia\/#breadcrumb\",\"itemListElement\":[{\"@type\":\"ListItem\",\"position\":1,\"name\":\"Portada\",\"item\":\"https:\/\/nalaramirez.com\/\"},{\"@type\":\"ListItem\",\"position\":2,\"name\":\"Tipograf\u00eda\"}]},{\"@type\":\"WebSite\",\"@id\":\"https:\/\/nalaramirez.com\/#website\",\"url\":\"https:\/\/nalaramirez.com\/\",\"name\":\"Nala Ram\u00edrez\",\"description\":\"\",\"publisher\":{\"@id\":\"https:\/\/nalaramirez.com\/#organization\"},\"potentialAction\":[{\"@type\":\"SearchAction\",\"target\":{\"@type\":\"EntryPoint\",\"urlTemplate\":\"https:\/\/nalaramirez.com\/?s={search_term_string}\"},\"query-input\":{\"@type\":\"PropertyValueSpecification\",\"valueRequired\":true,\"valueName\":\"search_term_string\"}}],\"inLanguage\":\"es\"},{\"@type\":\"Organization\",\"@id\":\"https:\/\/nalaramirez.com\/#organization\",\"name\":\"Nala Ram\u00edrez\",\"url\":\"https:\/\/nalaramirez.com\/\",\"logo\":{\"@type\":\"ImageObject\",\"inLanguage\":\"es\",\"@id\":\"https:\/\/nalaramirez.com\/#\/schema\/logo\/image\/\",\"url\":\"https:\/\/nalaramirez.com\/wp-content\/uploads\/2025\/06\/Logo-final.png\",\"contentUrl\":\"https:\/\/nalaramirez.com\/wp-content\/uploads\/2025\/06\/Logo-final.png\",\"width\":4501,\"height\":4500,\"caption\":\"Nala Ram\u00edrez\"},\"image\":{\"@id\":\"https:\/\/nalaramirez.com\/#\/schema\/logo\/image\/\"}}]}<\/script>\n<!-- \/ Yoast SEO plugin. -->","yoast_head_json":{"title":"Tipograf\u00eda - Nala Ram\u00edrez","robots":{"index":"index","follow":"follow","max-snippet":"max-snippet:-1","max-image-preview":"max-image-preview:large","max-video-preview":"max-video-preview:-1"},"canonical":"https:\/\/nalaramirez.com\/index.php\/tipografia\/","og_locale":"es_ES","og_type":"article","og_title":"Tipograf\u00eda - Nala Ram\u00edrez","og_description":"Tipograf\u00eda 20s Moonlight Ver m\u00e1s proyectos","og_url":"https:\/\/nalaramirez.com\/index.php\/tipografia\/","og_site_name":"Nala Ram\u00edrez","article_modified_time":"2024-06-05T02:21:31+00:00","twitter_card":"summary_large_image","twitter_misc":{"Tiempo de lectura":"1 minuto"},"schema":{"@context":"https:\/\/schema.org","@graph":[{"@type":"WebPage","@id":"https:\/\/nalaramirez.com\/index.php\/tipografia\/","url":"https:\/\/nalaramirez.com\/index.php\/tipografia\/","name":"Tipograf\u00eda - Nala Ram\u00edrez","isPartOf":{"@id":"https:\/\/nalaramirez.com\/#website"},"datePublished":"2024-05-28T12:54:48+00:00","dateModified":"2024-06-05T02:21:31+00:00","breadcrumb":{"@id":"https:\/\/nalaramirez.com\/index.php\/tipografia\/#breadcrumb"},"inLanguage":"es","potentialAction":[{"@type":"ReadAction","target":["https:\/\/nalaramirez.com\/index.php\/tipografia\/"]}]},{"@type":"BreadcrumbList","@id":"https:\/\/nalaramirez.com\/index.php\/tipografia\/#breadcrumb","itemListElement":[{"@type":"ListItem","position":1,"name":"Portada","item":"https:\/\/nalaramirez.com\/"},{"@type":"ListItem","position":2,"name":"Tipograf\u00eda"}]},{"@type":"WebSite","@id":"https:\/\/nalaramirez.com\/#website","url":"https:\/\/nalaramirez.com\/","name":"Nala Ram\u00edrez","description":"","publisher":{"@id":"https:\/\/nalaramirez.com\/#organization"},"potentialAction":[{"@type":"SearchAction","target":{"@type":"EntryPoint","urlTemplate":"https:\/\/nalaramirez.com\/?s={search_term_string}"},"query-input":{"@type":"PropertyValueSpecification","valueRequired":true,"valueName":"search_term_string"}}],"inLanguage":"es"},{"@type":"Organization","@id":"https:\/\/nalaramirez.com\/#organization","name":"Nala Ram\u00edrez","url":"https:\/\/nalaramirez.com\/","logo":{"@type":"ImageObject","inLanguage":"es","@id":"https:\/\/nalaramirez.com\/#\/schema\/logo\/image\/","url":"https:\/\/nalaramirez.com\/wp-content\/uploads\/2025\/06\/Logo-final.png","contentUrl":"https:\/\/nalaramirez.com\/wp-content\/uploads\/2025\/06\/Logo-final.png","width":4501,"height":4500,"caption":"Nala Ram\u00edrez"},"image":{"@id":"https:\/\/nalaramirez.com\/#\/schema\/logo\/image\/"}}]}},"_links":{"self":[{"href":"https:\/\/nalaramirez.com\/index.php\/wp-json\/wp\/v2\/pages\/432","targetHints":{"allow":["GET"]}}],"collection":[{"href":"https:\/\/nalaramirez.com\/index.php\/wp-json\/wp\/v2\/pages"}],"about":[{"href":"https:\/\/nalaramirez.com\/index.php\/wp-json\/wp\/v2\/types\/page"}],"author":[{"embeddable":true,"href":"https:\/\/nalaramirez.com\/index.php\/wp-json\/wp\/v2\/users\/1"}],"replies":[{"embeddable":true,"href":"https:\/\/nalaramirez.com\/index.php\/wp-json\/wp\/v2\/comments?post=432"}],"version-history":[{"count":37,"href":"https:\/\/nalaramirez.com\/index.php\/wp-json\/wp\/v2\/pages\/432\/revisions"}],"predecessor-version":[{"id":1312,"href":"https:\/\/nalaramirez.com\/index.php\/wp-json\/wp\/v2\/pages\/432\/revisions\/1312"}],"wp:attachment":[{"href":"https:\/\/nalaramirez.com\/index.php\/wp-json\/wp\/v2\/media?parent=432"}],"curies":[{"name":"wp","href":"https:\/\/api.w.org\/{rel}","templated":true}]}}